{"id":100,"date":"2021-12-16T11:28:30","date_gmt":"2021-12-16T11:28:30","guid":{"rendered":"https:\/\/dev.unio.ro\/?page_id=100"},"modified":"2022-03-17T13:20:35","modified_gmt":"2022-03-17T13:20:35","slug":"heat-treatment","status":"publish","type":"page","link":"https:\/\/dev.unio.ro\/ro\/services\/heat-treatment\/","title":{"rendered":"Tratament termic"},"content":{"rendered":"<div class=\"wp-block-image\"><figure class=\"alignright size-medium\"><img decoding=\"async\" width=\"300\" height=\"225\" src=\"https:\/\/dev.unio.ro\/wp-content\/uploads\/2022\/03\/heat-treatment-Unio-SA-300x225.jpg\" alt=\"heat treatment procedures at Unio SA\" class=\"wp-image-541\" srcset=\"https:\/\/dev.unio.ro\/wp-content\/uploads\/2022\/03\/heat-treatment-Unio-SA-300x225.jpg 300w, https:\/\/dev.unio.ro\/wp-content\/uploads\/2022\/03\/heat-treatment-Unio-SA.jpg 768w\" sizes=\"(max-width: 300px) 100vw, 300px\" \/><\/figure><\/div>\n\n\n\n<p>La <a href=\"https:\/\/dev.unio.ro\/ro\/about-us-large-technological-equipment-factory\/the-company\/\">Unio<\/a> SA avem disponibile trei tipuri de tratamente termice:<\/p>\n\n\n\n<ul class=\"wp-block-list\"><li>c\u0103lire<\/li><li>recoacere<\/li><li>c\u0103lire prin induc\u021bie<\/li><\/ul>\n\n\n\n<p>Recoacerea de detensionare a pieselor mari, cu greut\u0103\u021bi de p\u00e2n\u0103 la 40 t se poate face prin <a href=\"https:\/\/www.gormet.eu\/de\/Warmebehandlung\" target=\"_blank\" rel=\"noopener\">colaboratori <\/a>cu timpi de execu\u021bie foarte buni. <\/p>\n\n\n\n<p>Sunt disponibile c\u00e2teva cuptoare moderne cu dimensiuni de p\u00e2n\u0103 la 6x11 m. <\/p>\n\n\n\n<p>Diagramele de c\u0103ldur\u0103 se \u00eenregistreaz\u0103 \u0219i se documenteaz\u0103 la solicitarea clientului. Se poate executa tratament termic al pieselor mai mari \u00een colaborare cu parteneri locali.<\/p>","protected":false},"excerpt":{"rendered":"<p>At Unio SA there three types of heat treatment available: hardening annealing induction hardening Stress-relieving annealing of large welded components up to a unit weight of 40t can be carried out in cooperation with a neighboring company with very short lead times. Several modern heating ovens with dimensions of up to 11m in length and &hellip;<\/p>\n<p class=\"read-more\"> <a class=\"\" href=\"https:\/\/dev.unio.ro\/ro\/services\/heat-treatment\/\"> <span class=\"screen-reader-text\">Tratament termic<\/span> Read More &raquo;<\/a><\/p>","protected":false},"author":1,"featured_media":0,"parent":2,"menu_order":0,"comment_status":"closed","ping_status":"closed","template":"","meta":{"site-sidebar-layout":"default","site-content-layout":"default","ast-main-header-display":"","ast-hfb-above-header-display":"","ast-hfb-below-header-display":"","ast-hfb-mobile-header-display":"","site-post-title":"","ast-breadcrumbs-content":"","ast-featured-img":"","footer-sml-layout":"","theme-transparent-header-meta":"","adv-header-id-meta":"","stick-header-meta":"","header-above-stick-meta":"","header-main-stick-meta":"","header-below-stick-meta":"","footnotes":""},"class_list":["post-100","page","type-page","status-publish","hentry"],"_links":{"self":[{"href":"https:\/\/dev.unio.ro\/ro\/wp-json\/wp\/v2\/pages\/100","targetHints":{"allow":["GET"]}}],"collection":[{"href":"https:\/\/dev.unio.ro\/ro\/wp-json\/wp\/v2\/pages"}],"about":[{"href":"https:\/\/dev.unio.ro\/ro\/wp-json\/wp\/v2\/types\/page"}],"author":[{"embeddable":true,"href":"https:\/\/dev.unio.ro\/ro\/wp-json\/wp\/v2\/users\/1"}],"replies":[{"embeddable":true,"href":"https:\/\/dev.unio.ro\/ro\/wp-json\/wp\/v2\/comments?post=100"}],"version-history":[{"count":4,"href":"https:\/\/dev.unio.ro\/ro\/wp-json\/wp\/v2\/pages\/100\/revisions"}],"predecessor-version":[{"id":669,"href":"https:\/\/dev.unio.ro\/ro\/wp-json\/wp\/v2\/pages\/100\/revisions\/669"}],"up":[{"embeddable":true,"href":"https:\/\/dev.unio.ro\/ro\/wp-json\/wp\/v2\/pages\/2"}],"wp:attachment":[{"href":"https:\/\/dev.unio.ro\/ro\/wp-json\/wp\/v2\/media?parent=100"}],"curies":[{"name":"wp","href":"https:\/\/api.w.org\/{rel}","templated":true}]}}