{"id":103,"date":"2021-12-16T11:32:10","date_gmt":"2021-12-16T11:32:10","guid":{"rendered":"https:\/\/dev.unio.ro\/?page_id=103"},"modified":"2022-03-17T13:22:50","modified_gmt":"2022-03-17T13:22:50","slug":"surface-protection","status":"publish","type":"page","link":"https:\/\/dev.unio.ro\/ro\/services\/surface-protection\/","title":{"rendered":"Protec\u021bia suprafe\u021belor"},"content":{"rendered":"<p>Unio SA ofer\u0103 serviciile de protec\u021bia suprafe\u021belor comune pe pia\u021ba european\u0103, dar poate \u00eendeplini \u0219i solicit\u0103ri specifice. <\/p>\n\n\n\n<h3 class=\"wp-block-heading\">Serviciile de protec\u021bia suprafe\u021belor disponibile:<\/h3>\n\n\n\n<div class=\"wp-block-image\"><figure class=\"alignright size-medium\"><img decoding=\"async\" width=\"300\" height=\"207\" src=\"https:\/\/dev.unio.ro\/wp-content\/uploads\/2022\/03\/surface-protection-Unio-SA-300x207.jpg\" alt=\"surface protection procedures at Unio SA\" class=\"wp-image-577\" srcset=\"https:\/\/dev.unio.ro\/wp-content\/uploads\/2022\/03\/surface-protection-Unio-SA-300x207.jpg 300w, https:\/\/dev.unio.ro\/wp-content\/uploads\/2022\/03\/surface-protection-Unio-SA-768x530.jpg 768w, https:\/\/dev.unio.ro\/wp-content\/uploads\/2022\/03\/surface-protection-Unio-SA.jpg 800w\" sizes=\"(max-width: 300px) 100vw, 300px\" \/><\/figure><\/div>\n\n\n\n<ul class=\"wp-block-list\"><li>Sablare<\/li><li>Grunduire<\/li><li>Vopsire<\/li><li>Galvanizare\/Placare cu zinc<\/li><li>Brunare<\/li><\/ul>\n\n\n\n<p>\u00cen cabina noastr\u0103 \u00eenc\u0103lzit\u0103 \u0219i dotat\u0103 cu tehnologie de ultim\u0103 genera\u021bie, aplic\u0103m o serie larg\u0103 de tratamente pentru suprafe\u021be, de la ultra-lucios, la texturat, la protec\u021bie \u00eempotriva mediului marin, conform standardelor \u00een vigoare \u0219i cerin\u021belor clientului.<\/p>\n\n\n\n<p>\u00cenainte de aplicarea stratului de protec\u021bie, piesele <a href=\"https:\/\/dev.unio.ro\/ro\/technical-capabilities\/welding\/\">sudate<\/a> sunt sablate, cur\u0103\u021bate \u0219i preg\u0103tite pentru vopsire.<\/p>","protected":false},"excerpt":{"rendered":"<p>Unio SA offers surface finishes which are&nbsp;common on the market, but also can fulfil specific requirements. Surface protection services available: Sandblasting Priming Painting Galvanizing\/Zinc coating Browning In our heated, state-of-the-art technology booth, we paint a wide variety of coating systems, from high-gloss to textured to seawater coatings according to standards and customer specifications. Before coating, &hellip;<\/p>\n<p class=\"read-more\"> <a class=\"\" href=\"https:\/\/dev.unio.ro\/ro\/services\/surface-protection\/\"> <span class=\"screen-reader-text\">Protec\u021bia suprafe\u021belor<\/span> Read More &raquo;<\/a><\/p>","protected":false},"author":1,"featured_media":0,"parent":2,"menu_order":0,"comment_status":"closed","ping_status":"closed","template":"","meta":{"site-sidebar-layout":"default","site-content-layout":"default","ast-main-header-display":"","ast-hfb-above-header-display":"","ast-hfb-below-header-display":"","ast-hfb-mobile-header-display":"","site-post-title":"","ast-breadcrumbs-content":"","ast-featured-img":"","footer-sml-layout":"","theme-transparent-header-meta":"","adv-header-id-meta":"","stick-header-meta":"","header-above-stick-meta":"","header-main-stick-meta":"","header-below-stick-meta":"","footnotes":""},"class_list":["post-103","page","type-page","status-publish","hentry"],"_links":{"self":[{"href":"https:\/\/dev.unio.ro\/ro\/wp-json\/wp\/v2\/pages\/103","targetHints":{"allow":["GET"]}}],"collection":[{"href":"https:\/\/dev.unio.ro\/ro\/wp-json\/wp\/v2\/pages"}],"about":[{"href":"https:\/\/dev.unio.ro\/ro\/wp-json\/wp\/v2\/types\/page"}],"author":[{"embeddable":true,"href":"https:\/\/dev.unio.ro\/ro\/wp-json\/wp\/v2\/users\/1"}],"replies":[{"embeddable":true,"href":"https:\/\/dev.unio.ro\/ro\/wp-json\/wp\/v2\/comments?post=103"}],"version-history":[{"count":5,"href":"https:\/\/dev.unio.ro\/ro\/wp-json\/wp\/v2\/pages\/103\/revisions"}],"predecessor-version":[{"id":673,"href":"https:\/\/dev.unio.ro\/ro\/wp-json\/wp\/v2\/pages\/103\/revisions\/673"}],"up":[{"embeddable":true,"href":"https:\/\/dev.unio.ro\/ro\/wp-json\/wp\/v2\/pages\/2"}],"wp:attachment":[{"href":"https:\/\/dev.unio.ro\/ro\/wp-json\/wp\/v2\/media?parent=103"}],"curies":[{"name":"wp","href":"https:\/\/api.w.org\/{rel}","templated":true}]}}