{"id":106,"date":"2021-12-16T11:35:20","date_gmt":"2021-12-16T11:35:20","guid":{"rendered":"https:\/\/dev.unio.ro\/?page_id=106"},"modified":"2022-03-17T13:22:23","modified_gmt":"2022-03-17T13:22:23","slug":"mechanical-machining","status":"publish","type":"page","link":"https:\/\/dev.unio.ro\/ro\/services\/mechanical-machining\/","title":{"rendered":"Prelucr\u0103ri mecanice"},"content":{"rendered":"<div class=\"wp-block-image\"><figure class=\"alignright size-medium\"><img decoding=\"async\" width=\"300\" height=\"169\" src=\"https:\/\/dev.unio.ro\/wp-content\/uploads\/2022\/03\/PHOTO-2021-02-18-11-18-18-300x169.jpg\" alt=\"mechanical machining center at Unio SA Marine equipment manufacturer\" class=\"wp-image-567\" srcset=\"https:\/\/dev.unio.ro\/wp-content\/uploads\/2022\/03\/PHOTO-2021-02-18-11-18-18-300x169.jpg 300w, https:\/\/dev.unio.ro\/wp-content\/uploads\/2022\/03\/PHOTO-2021-02-18-11-18-18-1024x577.jpg 1024w, https:\/\/dev.unio.ro\/wp-content\/uploads\/2022\/03\/PHOTO-2021-02-18-11-18-18-768x432.jpg 768w, https:\/\/dev.unio.ro\/wp-content\/uploads\/2022\/03\/PHOTO-2021-02-18-11-18-18-1536x865.jpg 1536w, https:\/\/dev.unio.ro\/wp-content\/uploads\/2022\/03\/PHOTO-2021-02-18-11-18-18.jpg 1600w\" sizes=\"(max-width: 300px) 100vw, 300px\" \/><\/figure><\/div>\n\n\n\n<p>Echipamentele noastre pentru prelucr\u0103ri mecanice includ un total de 9 ma\u0219ini de frezare cu CNC cu cursa de X = 20.000 mm; Y = 5.000 mm; Z = 3.000 mm. <\/p>\n\n\n\n<p>Sunt disponibile mese rotative grele cu o capacitate de \u00eenc\u0103rcare de p\u00e2n\u0103 la 60 t, care permit prelucrarea de \u00eenalt\u0103 precizie pe mai multe fe\u021be a pieselor sudate mari.<\/p>\n\n\n\n<p>Formarea continu\u0103 \u0219i cooperarea de \u00eencredere a personalului nostru de specialitate, utilizarea celor mai noi tehnologii de prelucrare, cum ar fi presetarea sculelor \u0219i m\u0103surarea cu laser \u00eenainte de fiecare utilizare, precum \u0219i controlul fiec\u0103rei piese individuale \u00eenainte de livrare garanteaz\u0103 cea mai \u00eenalt\u0103 calitate a produc\u021biei.<\/p>\n\n\n\n<h3 class=\"wp-block-heading\">Prelucr\u0103ri mecanice - Strunjire<\/h3>\n\n\n\n<div class=\"wp-block-image\"><figure class=\"alignright size-medium\"><img decoding=\"async\" width=\"300\" height=\"276\" src=\"https:\/\/dev.unio.ro\/wp-content\/uploads\/2022\/03\/vertical-turning-machine-with-5000-mm-diameter-at-Unio-SA-300x276.jpg\" alt=\"\" class=\"wp-image-584\" srcset=\"https:\/\/dev.unio.ro\/wp-content\/uploads\/2022\/03\/vertical-turning-machine-with-5000-mm-diameter-at-Unio-SA-300x276.jpg 300w, https:\/\/dev.unio.ro\/wp-content\/uploads\/2022\/03\/vertical-turning-machine-with-5000-mm-diameter-at-Unio-SA.jpg 677w\" sizes=\"(max-width: 300px) 100vw, 300px\" \/><\/figure><\/div>\n\n\n\n<p>Una dintre ma\u0219inile care confer\u0103 unicitate companiei Unio SA \u00een Sud-Estul Europei este \u201dcaruselul\u201d - <strong>un strung vertical cu diametru maxim de 5.000 mm<\/strong>.<\/p>\n\n\n\n<p>Diametru: maximum 5.000 mm<br>\u00cen\u0103l\u021bime: maximum 2.800 mm<\/p>\n\n\n\n<p>Avem c\u00e2teva strunguri orizontale cu CNC (diametru maxim 1.800 mm, lungime maxim\u0103 8.000 mm).<\/p>\n\n\n\n<h3 class=\"wp-block-heading\">Prelucr\u0103ri mecanice - Frezare \u0219i Alezare<\/h3>\n\n\n\n<p>Echipamentele noastre pentru prelucr\u0103ri mecanice includ centre CNC:<br>X: maximum 14.000 mm<br>Z: maxim 3.800 mm<br>Y: maxim 2.500 mm<\/p>\n\n\n\n<p>De asemenea, avem echipamentul necesar pentru fabricarea de <a href=\"https:\/\/dev.unio.ro\/ro\/about-us-large-technological-equipment-factory\/selected-references\/\">vinciuri <\/a>Lebus.<\/p>\n\n\n\n<figure class=\"wp-block-gallery has-nested-images columns-default is-cropped wp-block-gallery-1 is-layout-flex wp-block-gallery-is-layout-flex\">\n<figure class=\"wp-block-image size-full\"><img decoding=\"async\" width=\"599\" height=\"516\" data-id=\"547\" src=\"https:\/\/dev.unio.ro\/wp-content\/uploads\/2022\/03\/machining-center-2.jpg\" alt=\"\" class=\"wp-image-547\" srcset=\"https:\/\/dev.unio.ro\/wp-content\/uploads\/2022\/03\/machining-center-2.jpg 599w, https:\/\/dev.unio.ro\/wp-content\/uploads\/2022\/03\/machining-center-2-300x258.jpg 300w\" sizes=\"(max-width: 599px) 100vw, 599px\" \/><\/figure>\n\n\n\n<figure class=\"wp-block-image size-full\"><img decoding=\"async\" width=\"673\" height=\"504\" data-id=\"546\" src=\"https:\/\/dev.unio.ro\/wp-content\/uploads\/2022\/03\/machining-center-1.jpg\" alt=\"\" class=\"wp-image-546\" srcset=\"https:\/\/dev.unio.ro\/wp-content\/uploads\/2022\/03\/machining-center-1.jpg 673w, https:\/\/dev.unio.ro\/wp-content\/uploads\/2022\/03\/machining-center-1-300x225.jpg 300w\" sizes=\"(max-width: 673px) 100vw, 673px\" \/><\/figure>\n\n\n\n<figure class=\"wp-block-image size-full\"><img decoding=\"async\" width=\"642\" height=\"513\" data-id=\"548\" src=\"https:\/\/dev.unio.ro\/wp-content\/uploads\/2022\/03\/machining-center-3.jpg\" alt=\"\" class=\"wp-image-548\" srcset=\"https:\/\/dev.unio.ro\/wp-content\/uploads\/2022\/03\/machining-center-3.jpg 642w, https:\/\/dev.unio.ro\/wp-content\/uploads\/2022\/03\/machining-center-3-300x240.jpg 300w\" sizes=\"(max-width: 642px) 100vw, 642px\" \/><\/figure>\n<\/figure>\n\n\n\n<div class=\"wp-block-image\"><figure class=\"alignright size-medium\"><img decoding=\"async\" width=\"240\" height=\"300\" src=\"https:\/\/dev.unio.ro\/wp-content\/uploads\/2022\/03\/horizontal-milling-and-boring-machine-2-240x300.jpg\" alt=\"\" class=\"wp-image-544\" srcset=\"https:\/\/dev.unio.ro\/wp-content\/uploads\/2022\/03\/horizontal-milling-and-boring-machine-2-240x300.jpg 240w, https:\/\/dev.unio.ro\/wp-content\/uploads\/2022\/03\/horizontal-milling-and-boring-machine-2.jpg 633w\" sizes=\"(max-width: 240px) 100vw, 240px\" \/><\/figure><\/div>\n\n\n\n<p>Diametru maxim: 1.200 mm<br>Ad\u00e2ncimea profilului: 55 mm<br>Modul maxim: ~25 mm<br>Lungimea cursei: max. 600 mm<br>\u00cenc\u0103rcarea mesei rotative: max. 7.000 kg<\/p>\n\n\n\n<p><br>Roata de rectificat<br>Diametru maxim: 350 mm<br>L\u0103\u021bime: maxim 80 mm<br>Vitez\u0103 maxim\u0103: 3.550 rpm <\/p>\n\n\n\n<h2 class=\"wp-block-heading\">Danturat<\/h2>\n\n\n\n<div class=\"wp-block-image\"><figure class=\"alignright size-medium\"><img decoding=\"async\" width=\"300\" height=\"222\" src=\"https:\/\/dev.unio.ro\/wp-content\/uploads\/2022\/03\/gear-cutting-machine-300x222.jpg\" alt=\"\" class=\"wp-image-535\" srcset=\"https:\/\/dev.unio.ro\/wp-content\/uploads\/2022\/03\/gear-cutting-machine-300x222.jpg 300w, https:\/\/dev.unio.ro\/wp-content\/uploads\/2022\/03\/gear-cutting-machine.jpg 751w\" sizes=\"(max-width: 300px) 100vw, 300px\" \/><\/figure><\/div>\n\n\n\n<p>Ma\u0219inile de danturat pentru dantur\u0103 dreapt\u0103 sau \u00eenclinat\u0103 pot debita ro\u021bi cu<strong>&nbsp;diametrul de p\u00e2n\u0103 la 5.000 mm<\/strong>&nbsp;cu modul de 42 mm, clasa de precizie 9-11, \u00een timp ce ma\u0219ina care debiteaz\u0103 ro\u021bi cu diametrul de p\u00e2n\u0103 la 1.200 mm \u0219i modul de 24 mm are clasa de precizie 4-5.<\/p>\n\n\n\n<h2 class=\"wp-block-heading\">Rectificare angrenaje<\/h2>\n\n\n\n<div class=\"wp-block-image\"><figure class=\"alignright size-medium\"><img decoding=\"async\" width=\"300\" height=\"228\" src=\"https:\/\/dev.unio.ro\/wp-content\/uploads\/2022\/03\/Gear-profile-grinding-machine-Niles-1200-300x228.jpg\" alt=\"\" class=\"wp-image-538\" srcset=\"https:\/\/dev.unio.ro\/wp-content\/uploads\/2022\/03\/Gear-profile-grinding-machine-Niles-1200-300x228.jpg 300w, https:\/\/dev.unio.ro\/wp-content\/uploads\/2022\/03\/Gear-profile-grinding-machine-Niles-1200.jpg 465w\" sizes=\"(max-width: 300px) 100vw, 300px\" \/><\/figure><\/div>\n\n\n\n<p>Urm\u0103toarea etap\u0103 din procesul de prelucrare mecanic\u0103 a ro\u021bilor este deservit\u0103 de <strong>Ma\u0219ina de rectificare angrenaje cu dantur\u0103 dreapt\u0103 sau \u00eenclinat\u0103 (<a href=\"https:\/\/www.kapp-niles.com\/en\/machines\/profile-grinding-machines\/ze\" target=\"_blank\" rel=\"noreferrer noopener\">Niles<\/a>):<\/strong><br>Diametrul maxim 1.200 mm<br>Modul maxim 24 mm.<br>Clasa de precizie 4-5<\/p>","protected":false},"excerpt":{"rendered":"<p>Our equipment for mechanical machining includes a total of 9 CNC milling machines with travel distances of up to X = 20,000 mm; Y = 5,000 mm; Z = 3,000 mm. Heavy rotary tables with a load capacity of up to 60 t, which enable high-precision multi-sided machining of large welded parts, are available. The &hellip;<\/p>\n<p class=\"read-more\"> <a class=\"\" href=\"https:\/\/dev.unio.ro\/ro\/services\/mechanical-machining\/\"> <span class=\"screen-reader-text\">Prelucr\u0103ri mecanice<\/span> Read More &raquo;<\/a><\/p>","protected":false},"author":1,"featured_media":0,"parent":2,"menu_order":0,"comment_status":"closed","ping_status":"closed","template":"","meta":{"site-sidebar-layout":"default","site-content-layout":"default","ast-main-header-display":"","ast-hfb-above-header-display":"","ast-hfb-below-header-display":"","ast-hfb-mobile-header-display":"","site-post-title":"","ast-breadcrumbs-content":"","ast-featured-img":"","footer-sml-layout":"","theme-transparent-header-meta":"","adv-header-id-meta":"","stick-header-meta":"","header-above-stick-meta":"","header-main-stick-meta":"","header-below-stick-meta":"","footnotes":""},"class_list":["post-106","page","type-page","status-publish","hentry"],"_links":{"self":[{"href":"https:\/\/dev.unio.ro\/ro\/wp-json\/wp\/v2\/pages\/106","targetHints":{"allow":["GET"]}}],"collection":[{"href":"https:\/\/dev.unio.ro\/ro\/wp-json\/wp\/v2\/pages"}],"about":[{"href":"https:\/\/dev.unio.ro\/ro\/wp-json\/wp\/v2\/types\/page"}],"author":[{"embeddable":true,"href":"https:\/\/dev.unio.ro\/ro\/wp-json\/wp\/v2\/users\/1"}],"replies":[{"embeddable":true,"href":"https:\/\/dev.unio.ro\/ro\/wp-json\/wp\/v2\/comments?post=106"}],"version-history":[{"count":6,"href":"https:\/\/dev.unio.ro\/ro\/wp-json\/wp\/v2\/pages\/106\/revisions"}],"predecessor-version":[{"id":672,"href":"https:\/\/dev.unio.ro\/ro\/wp-json\/wp\/v2\/pages\/106\/revisions\/672"}],"up":[{"embeddable":true,"href":"https:\/\/dev.unio.ro\/ro\/wp-json\/wp\/v2\/pages\/2"}],"wp:attachment":[{"href":"https:\/\/dev.unio.ro\/ro\/wp-json\/wp\/v2\/media?parent=106"}],"curies":[{"name":"wp","href":"https:\/\/api.w.org\/{rel}","templated":true}]}}