{"id":113,"date":"2021-12-16T11:39:56","date_gmt":"2021-12-16T11:39:56","guid":{"rendered":"https:\/\/dev.unio.ro\/?page_id=113"},"modified":"2022-03-17T13:15:40","modified_gmt":"2022-03-17T13:15:40","slug":"quality","status":"publish","type":"page","link":"https:\/\/dev.unio.ro\/ro\/quality\/","title":{"rendered":"Calitate"},"content":{"rendered":"<p>Trat\u0103m cu seriozitate calitatea produselor noastre - astfel, sistemul implementat de management al calit\u0103\u021bii este certificat <a href=\"https:\/\/www.tuvsud.com\/en\" target=\"_blank\" rel=\"noopener\">T\u00dcV <\/a>\u0219i avem un laborator intern \u00een care se realizeaz\u0103 toate test\u0103rile necesare (test\u0103ri nedistructive - testare ultrasonic\u0103, inpsec\u021bie cu particule magnetice, testare cu lichid penetrant, testare cu raze X; test\u0103ri distructive - test de oboseal\u0103, test de impact, test\u0103ri chimice, testare metalografic\u0103, testare a durit\u0103\u021bii - Brinell, Vickers, Rockwell, microduritate).<\/p>\n\n\n\n<p>Clien\u021bilor no\u0219tri le oferim:<\/p>\n\n\n\n<ul class=\"wp-block-list\"><li>certificarea materialelor 3.1 \u0219i 3.2<\/li><li>WPS, WPQR<\/li><li>Rapoarte NDT<\/li><li>Planuri de inspec\u021bie pentru vopsire.<\/li><\/ul>\n\n\n\n<p>Pentru mai multe detalii, v\u0103 rug\u0103m s\u0103 citi\u021bi despre <a href=\"https:\/\/dev.unio.ro\/ro\/quality\/certifications\/\">Certific\u0103ri <\/a>\u0219i <a href=\"https:\/\/dev.unio.ro\/ro\/quality\/testing-possibilities\/\">Posibilit\u0103\u021bi de testare<\/a>.<\/p>\n\n\n\n<div class=\"wp-block-image\"><figure class=\"aligncenter size-full\"><img decoding=\"async\" width=\"999\" height=\"525\" src=\"https:\/\/dev.unio.ro\/wp-content\/uploads\/2022\/03\/quality.jpg\" alt=\"quality of manufactured equipment at Unio SA\" class=\"wp-image-627\" srcset=\"https:\/\/dev.unio.ro\/wp-content\/uploads\/2022\/03\/quality.jpg 999w, https:\/\/dev.unio.ro\/wp-content\/uploads\/2022\/03\/quality-300x158.jpg 300w, https:\/\/dev.unio.ro\/wp-content\/uploads\/2022\/03\/quality-768x404.jpg 768w\" sizes=\"(max-width: 999px) 100vw, 999px\" \/><\/figure><\/div>","protected":false},"excerpt":{"rendered":"<p>We take the quality aspect of our products seriously &#8211; thus our quality management system is T\u00dcV certified and we have an in-house laboratory that carries out all the necessary tests (non-destructive testing &#8211; Ultrasonic testing, Magnetic particle inspection, Liquid penetrant testing, X-rays testing; destructive testing &#8211; Stress testing, Impact testing, Chemical testing, Metallographic testing; &hellip;<\/p>\n<p class=\"read-more\"> <a class=\"\" href=\"https:\/\/dev.unio.ro\/ro\/quality\/\"> <span class=\"screen-reader-text\">Calitate<\/span> Read More &raquo;<\/a><\/p>","protected":false},"author":1,"featured_media":0,"parent":0,"menu_order":0,"comment_status":"closed","ping_status":"closed","template":"","meta":{"site-sidebar-layout":"default","site-content-layout":"default","ast-main-header-display":"","ast-hfb-above-header-display":"","ast-hfb-below-header-display":"","ast-hfb-mobile-header-display":"","site-post-title":"","ast-breadcrumbs-content":"","ast-featured-img":"","footer-sml-layout":"","theme-transparent-header-meta":"","adv-header-id-meta":"","stick-header-meta":"","header-above-stick-meta":"","header-main-stick-meta":"","header-below-stick-meta":"","footnotes":""},"class_list":["post-113","page","type-page","status-publish","hentry"],"_links":{"self":[{"href":"https:\/\/dev.unio.ro\/ro\/wp-json\/wp\/v2\/pages\/113","targetHints":{"allow":["GET"]}}],"collection":[{"href":"https:\/\/dev.unio.ro\/ro\/wp-json\/wp\/v2\/pages"}],"about":[{"href":"https:\/\/dev.unio.ro\/ro\/wp-json\/wp\/v2\/types\/page"}],"author":[{"embeddable":true,"href":"https:\/\/dev.unio.ro\/ro\/wp-json\/wp\/v2\/users\/1"}],"replies":[{"embeddable":true,"href":"https:\/\/dev.unio.ro\/ro\/wp-json\/wp\/v2\/comments?post=113"}],"version-history":[{"count":6,"href":"https:\/\/dev.unio.ro\/ro\/wp-json\/wp\/v2\/pages\/113\/revisions"}],"predecessor-version":[{"id":660,"href":"https:\/\/dev.unio.ro\/ro\/wp-json\/wp\/v2\/pages\/113\/revisions\/660"}],"wp:attachment":[{"href":"https:\/\/dev.unio.ro\/ro\/wp-json\/wp\/v2\/media?parent=113"}],"curies":[{"name":"wp","href":"https:\/\/api.w.org\/{rel}","templated":true}]}}