{"id":115,"date":"2021-12-16T11:47:34","date_gmt":"2021-12-16T11:47:34","guid":{"rendered":"https:\/\/dev.unio.ro\/?page_id=115"},"modified":"2022-03-17T13:16:10","modified_gmt":"2022-03-17T13:16:10","slug":"certifications","status":"publish","type":"page","link":"https:\/\/dev.unio.ro\/ro\/quality\/certifications\/","title":{"rendered":"Certific\u0103ri"},"content":{"rendered":"<p>Unio SA este una dintre primele companii din Rom\u00e2nia care a ob\u021binut certificarea sistemului de management al calit\u0103\u021bii conform standardului ISO 9001:2005, certificare oferit\u0103 de T\u00dcV S\u00fcd.<\/p>\n\n\n\n<p>De asemenea, am demarat procedurile pentru ob\u021binerea certific\u0103rilor conform ISO 14001 \u0219i OHSAS 18001.<\/p>\n\n\n\n<p>Sudorii no\u0219tri de\u021bin certific\u0103ri Bureau Veritas, iar <a href=\"https:\/\/dev.unio.ro\/ro\/technical-capabilities\/welding\/\">atelierul <\/a>nostru este certificat <a href=\"https:\/\/www.dnv.com\/\" target=\"_blank\" rel=\"noopener\">DNV<\/a> .<\/p>\n\n\n\n<div class=\"wp-block-columns is-layout-flex wp-container-core-columns-is-layout-9d6595d7 wp-block-columns-is-layout-flex\">\n<div class=\"wp-block-column is-layout-flow wp-block-column-is-layout-flow\">\n<div class=\"wp-block-image\"><figure class=\"aligncenter size-full\"><img decoding=\"async\" width=\"567\" height=\"829\" src=\"https:\/\/dev.unio.ro\/wp-content\/uploads\/2022\/03\/9001-2015-ISO-certified-Unio-SA.jpg\" alt=\"ISO 9001 certification of Unio SA quality management system\" class=\"wp-image-512\" srcset=\"https:\/\/dev.unio.ro\/wp-content\/uploads\/2022\/03\/9001-2015-ISO-certified-Unio-SA.jpg 567w, https:\/\/dev.unio.ro\/wp-content\/uploads\/2022\/03\/9001-2015-ISO-certified-Unio-SA-205x300.jpg 205w\" sizes=\"(max-width: 567px) 100vw, 567px\" \/><\/figure><\/div>\n<\/div>\n\n\n\n<div class=\"wp-block-column is-layout-flow wp-block-column-is-layout-flow\">\n<div class=\"wp-block-image\"><figure class=\"aligncenter size-large\"><img decoding=\"async\" width=\"644\" height=\"1024\" src=\"https:\/\/dev.unio.ro\/wp-content\/uploads\/2022\/03\/Unio-SA-DnV-GL-certification-hull-equipment-644x1024.jpg\" alt=\"\" class=\"wp-image-606\" srcset=\"https:\/\/dev.unio.ro\/wp-content\/uploads\/2022\/03\/Unio-SA-DnV-GL-certification-hull-equipment-644x1024.jpg 644w, https:\/\/dev.unio.ro\/wp-content\/uploads\/2022\/03\/Unio-SA-DnV-GL-certification-hull-equipment-189x300.jpg 189w, https:\/\/dev.unio.ro\/wp-content\/uploads\/2022\/03\/Unio-SA-DnV-GL-certification-hull-equipment-768x1222.jpg 768w, https:\/\/dev.unio.ro\/wp-content\/uploads\/2022\/03\/Unio-SA-DnV-GL-certification-hull-equipment.jpg 897w\" sizes=\"(max-width: 644px) 100vw, 644px\" \/><\/figure><\/div>\n<\/div>\n\n\n\n<div class=\"wp-block-column is-layout-flow wp-block-column-is-layout-flow\">\n<div class=\"wp-block-image\"><figure class=\"aligncenter size-large\"><img decoding=\"async\" width=\"646\" height=\"1024\" src=\"https:\/\/dev.unio.ro\/wp-content\/uploads\/2022\/03\/Unio-SA-DnV-GL-certification-111-135-646x1024.jpg\" alt=\"\" class=\"wp-image-605\" srcset=\"https:\/\/dev.unio.ro\/wp-content\/uploads\/2022\/03\/Unio-SA-DnV-GL-certification-111-135-646x1024.jpg 646w, https:\/\/dev.unio.ro\/wp-content\/uploads\/2022\/03\/Unio-SA-DnV-GL-certification-111-135-189x300.jpg 189w, https:\/\/dev.unio.ro\/wp-content\/uploads\/2022\/03\/Unio-SA-DnV-GL-certification-111-135-768x1217.jpg 768w, https:\/\/dev.unio.ro\/wp-content\/uploads\/2022\/03\/Unio-SA-DnV-GL-certification-111-135.jpg 916w\" sizes=\"(max-width: 646px) 100vw, 646px\" \/><\/figure><\/div>\n<\/div>\n<\/div>\n\n\n\n<div class=\"wp-block-columns is-layout-flex wp-container-core-columns-is-layout-9d6595d7 wp-block-columns-is-layout-flex\">\n<div class=\"wp-block-column is-layout-flow wp-block-column-is-layout-flow\">\n<div class=\"wp-block-image\"><figure class=\"aligncenter size-full\"><img decoding=\"async\" width=\"586\" height=\"830\" src=\"https:\/\/dev.unio.ro\/wp-content\/uploads\/2022\/03\/Bureau-Veritas-NDT-testing-certification-Unio-SA.jpg\" alt=\"\" class=\"wp-image-518\" srcset=\"https:\/\/dev.unio.ro\/wp-content\/uploads\/2022\/03\/Bureau-Veritas-NDT-testing-certification-Unio-SA.jpg 586w, https:\/\/dev.unio.ro\/wp-content\/uploads\/2022\/03\/Bureau-Veritas-NDT-testing-certification-Unio-SA-212x300.jpg 212w\" sizes=\"(max-width: 586px) 100vw, 586px\" \/><\/figure><\/div>\n<\/div>\n\n\n\n<div class=\"wp-block-column is-layout-flow wp-block-column-is-layout-flow\">\n<div class=\"wp-block-image\"><figure class=\"aligncenter size-full\"><img decoding=\"async\" width=\"578\" height=\"831\" src=\"https:\/\/dev.unio.ro\/wp-content\/uploads\/2022\/03\/Bureau-Veritas-welder-certification-Unio-SA.jpg\" alt=\"\" class=\"wp-image-519\" srcset=\"https:\/\/dev.unio.ro\/wp-content\/uploads\/2022\/03\/Bureau-Veritas-welder-certification-Unio-SA.jpg 578w, https:\/\/dev.unio.ro\/wp-content\/uploads\/2022\/03\/Bureau-Veritas-welder-certification-Unio-SA-209x300.jpg 209w\" sizes=\"(max-width: 578px) 100vw, 578px\" \/><\/figure><\/div>\n<\/div>\n<\/div>","protected":false},"excerpt":{"rendered":"<p>Unio SA is one of the first companies in Romania with certified quality management system according to ISO 9001:2005, certification provided by T\u00dcV S\u00fcd. We have also begun the process of obtaining 14001 and OHSAS 18001 certificates. Our welders are Bureau Veritas certified and our workshop is DNV approved.<\/p>","protected":false},"author":1,"featured_media":0,"parent":113,"menu_order":0,"comment_status":"closed","ping_status":"closed","template":"","meta":{"site-sidebar-layout":"default","site-content-layout":"default","ast-main-header-display":"","ast-hfb-above-header-display":"","ast-hfb-below-header-display":"","ast-hfb-mobile-header-display":"","site-post-title":"","ast-breadcrumbs-content":"","ast-featured-img":"","footer-sml-layout":"","theme-transparent-header-meta":"","adv-header-id-meta":"","stick-header-meta":"","header-above-stick-meta":"","header-main-stick-meta":"","header-below-stick-meta":"","footnotes":""},"class_list":["post-115","page","type-page","status-publish","hentry"],"_links":{"self":[{"href":"https:\/\/dev.unio.ro\/ro\/wp-json\/wp\/v2\/pages\/115","targetHints":{"allow":["GET"]}}],"collection":[{"href":"https:\/\/dev.unio.ro\/ro\/wp-json\/wp\/v2\/pages"}],"about":[{"href":"https:\/\/dev.unio.ro\/ro\/wp-json\/wp\/v2\/types\/page"}],"author":[{"embeddable":true,"href":"https:\/\/dev.unio.ro\/ro\/wp-json\/wp\/v2\/users\/1"}],"replies":[{"embeddable":true,"href":"https:\/\/dev.unio.ro\/ro\/wp-json\/wp\/v2\/comments?post=115"}],"version-history":[{"count":5,"href":"https:\/\/dev.unio.ro\/ro\/wp-json\/wp\/v2\/pages\/115\/revisions"}],"predecessor-version":[{"id":662,"href":"https:\/\/dev.unio.ro\/ro\/wp-json\/wp\/v2\/pages\/115\/revisions\/662"}],"up":[{"embeddable":true,"href":"https:\/\/dev.unio.ro\/ro\/wp-json\/wp\/v2\/pages\/113"}],"wp:attachment":[{"href":"https:\/\/dev.unio.ro\/ro\/wp-json\/wp\/v2\/media?parent=115"}],"curies":[{"name":"wp","href":"https:\/\/api.w.org\/{rel}","templated":true}]}}