{"id":119,"date":"2021-12-16T11:51:33","date_gmt":"2021-12-16T11:51:33","guid":{"rendered":"https:\/\/dev.unio.ro\/?page_id=119"},"modified":"2022-04-21T11:35:38","modified_gmt":"2022-04-21T11:35:38","slug":"testing-possibilities","status":"publish","type":"page","link":"https:\/\/dev.unio.ro\/ro\/quality\/testing-possibilities\/","title":{"rendered":"Posibilit\u0103\u021bi de testare"},"content":{"rendered":"<p><a href=\"https:\/\/dev.unio.ro\/ro\/about-us-large-technological-equipment-factory\/selected-references\/\">Produc\u021bia noastr\u0103<\/a> este supus\u0103 permanent procedurilor de asigurare a calit\u0103\u021bii conform standardelor EN 3834-2 \u0219i <a href=\"https:\/\/www.iso.org\/iso-9001-quality-management.html\" target=\"_blank\" rel=\"noopener\">ISO 9001<\/a> \u0219i oferim clien\u021bilor no\u0219tri urm\u0103toarele proceduri de laborator:<\/p>\n\n\n\n<h3 class=\"wp-block-heading\">Testare nedistructiv\u0103<\/h3>\n\n\n\n<div class=\"wp-block-image\"><figure class=\"alignright size-medium is-resized\"><img decoding=\"async\" src=\"https:\/\/dev.unio.ro\/wp-content\/uploads\/2022\/03\/ndt-Unio-SA-300x225.jpg\" alt=\"non-destructive testing at Unio SA\" class=\"wp-image-551\" width=\"200\" height=\"150\" srcset=\"https:\/\/dev.unio.ro\/wp-content\/uploads\/2022\/03\/ndt-Unio-SA-300x225.jpg 300w, https:\/\/dev.unio.ro\/wp-content\/uploads\/2022\/03\/ndt-Unio-SA.jpg 768w\" sizes=\"(max-width: 200px) 100vw, 200px\" \/><\/figure><\/div>\n\n\n\n<p>V\u0103 oferim urm\u0103toarele proceduri:<\/p>\n\n\n\n<ul class=\"wp-block-list\"><li>testare ultrasonic\u0103 (UT)<\/li><li>testare cu vopsea penetrant\u0103 (PT)<\/li><li>testare cu particule magnetice (MT)<\/li><li>testare cu raze X <\/li><\/ul>\n\n\n\n<h3 class=\"wp-block-heading\">Testare distructiv\u0103<\/h3>\n\n\n\n<div class=\"wp-block-image\"><figure class=\"alignright size-full is-resized\"><img decoding=\"async\" src=\"https:\/\/dev.unio.ro\/wp-content\/uploads\/2022\/03\/stiefelmeyer-computer-measuring-machine.jpg\" alt=\"\" class=\"wp-image-576\" width=\"200\" height=\"158\" srcset=\"https:\/\/dev.unio.ro\/wp-content\/uploads\/2022\/03\/stiefelmeyer-computer-measuring-machine.jpg 604w, https:\/\/dev.unio.ro\/wp-content\/uploads\/2022\/03\/stiefelmeyer-computer-measuring-machine-300x237.jpg 300w\" sizes=\"(max-width: 200px) 100vw, 200px\" \/><\/figure><\/div>\n\n\n\n<ul class=\"wp-block-list\"><li>testare de oboseal\u0103 <\/li><li>testare la impact <\/li><li>testare chimic\u0103 <\/li><li>testare metalografic\u0103<\/li><\/ul>\n\n\n\n<h3 class=\"wp-block-heading\">Testarea durit\u0103\u021bii<\/h3>\n\n\n\n<div class=\"wp-block-image\"><figure class=\"alignright size-full is-resized\"><img decoding=\"async\" src=\"https:\/\/dev.unio.ro\/wp-content\/uploads\/2022\/03\/ghibly-trax-computer-measuring-machine.jpg\" alt=\"ghibly trax computer measuring machine at Unio SA Marine equipment manufacturer\" class=\"wp-image-539\" width=\"200\" srcset=\"https:\/\/dev.unio.ro\/wp-content\/uploads\/2022\/03\/ghibly-trax-computer-measuring-machine.jpg 851w, https:\/\/dev.unio.ro\/wp-content\/uploads\/2022\/03\/ghibly-trax-computer-measuring-machine-300x191.jpg 300w, https:\/\/dev.unio.ro\/wp-content\/uploads\/2022\/03\/ghibly-trax-computer-measuring-machine-768x488.jpg 768w\" sizes=\"(max-width: 851px) 100vw, 851px\" \/><\/figure><\/div>\n\n\n\n<ul class=\"wp-block-list\"><li>Brinell <\/li><li>Vickers <\/li><li>Rockwell <\/li><li>Microduritate<\/li><\/ul>\n\n\n\n<p>Echipamentul nostru special de testare include:<\/p>\n\n\n\n<ul class=\"wp-block-list\"><li>Spectrolab M5 21 elemente \u00een 3 baze: Fe, Al, Cu<\/li><li>Mas\u0103 de m\u0103surare de granit, cu precizie de 27 \u03bcm<\/li><li>CMM Ghibli Trax-Brown &amp; Sharpe \u2013 2.600 x 1.200 x 1.000 mm \u2013 precizie 2,5 \u03bcm<\/li><li>CMM Stiefelmeyer \u2013 6.000 x 3.000 x 2.000 mm \u2013 precizie 2,5 \u03bcm<\/li><\/ul>\n\n\n\n<p>Sunt disponibile o echip\u0103 de laboran\u021bi \u0219i echipamente \u00een conformitate cu standardele DIN EN ISO 9712 \/ DIN 473-2, nivelul 2.<\/p>\n\n\n\n<p>Laboratorul propriu, autorizat Bureau Veritas, realizeaz\u0103 test\u0103ri mecanice distructive (\u00eencerc\u0103ri de trac\u021biune \u0219i rezisten\u021b\u0103) \u00een scopul certific\u0103rii 3.2 pentru materiale.<br>Av\u00e2nd \u00een vedere faptul c\u0103 o mare parte din produc\u021bia care iese pe poarta Unio SA este destinat\u0103 industriei maritime, recertificarea 3.2 se face sub supravegherea unui inspector reprezentant al registrelor vamale (Bureau Veritas, DNV, RMRS, ABS), \u00een func\u021bie de solicit\u0103rile clientului.<\/p>\n\n\n\n<p>Pentru m\u0103surarea componentelor sudate se utilizeaz\u0103 un sistem de m\u0103surare fotogrammetric de ultim\u0103 tehnologie. Acest lucru face posibil\u0103 m\u0103surarea \u0219i analizarea componentelor foarte mari \u00een trei dimensiuni cu cea mai \u00eenalt\u0103 precizie.<\/p>","protected":false},"excerpt":{"rendered":"<p>Our production is subject to permanent quality assurance certified according to EN 3834-2 and ISO 9001 and we offer our customers the following laboratory procedures: Non-destructive testing To carry out the non-destructive tests, see the procedures: Ultrasonic tests (UT) Dye penetrant test (PT) Magnetic Particle tests (MT) X-ray tests. Destructive tests Stress testing Impact testing &hellip;<\/p>\n<p class=\"read-more\"> <a class=\"\" href=\"https:\/\/dev.unio.ro\/ro\/quality\/testing-possibilities\/\"> <span class=\"screen-reader-text\">Posibilit\u0103\u021bi de testare<\/span> Read More &raquo;<\/a><\/p>","protected":false},"author":1,"featured_media":0,"parent":113,"menu_order":0,"comment_status":"closed","ping_status":"closed","template":"","meta":{"site-sidebar-layout":"default","site-content-layout":"default","ast-main-header-display":"","ast-hfb-above-header-display":"","ast-hfb-below-header-display":"","ast-hfb-mobile-header-display":"","site-post-title":"","ast-breadcrumbs-content":"","ast-featured-img":"","footer-sml-layout":"","theme-transparent-header-meta":"","adv-header-id-meta":"","stick-header-meta":"","header-above-stick-meta":"","header-main-stick-meta":"","header-below-stick-meta":"","footnotes":""},"class_list":["post-119","page","type-page","status-publish","hentry"],"_links":{"self":[{"href":"https:\/\/dev.unio.ro\/ro\/wp-json\/wp\/v2\/pages\/119","targetHints":{"allow":["GET"]}}],"collection":[{"href":"https:\/\/dev.unio.ro\/ro\/wp-json\/wp\/v2\/pages"}],"about":[{"href":"https:\/\/dev.unio.ro\/ro\/wp-json\/wp\/v2\/types\/page"}],"author":[{"embeddable":true,"href":"https:\/\/dev.unio.ro\/ro\/wp-json\/wp\/v2\/users\/1"}],"replies":[{"embeddable":true,"href":"https:\/\/dev.unio.ro\/ro\/wp-json\/wp\/v2\/comments?post=119"}],"version-history":[{"count":11,"href":"https:\/\/dev.unio.ro\/ro\/wp-json\/wp\/v2\/pages\/119\/revisions"}],"predecessor-version":[{"id":763,"href":"https:\/\/dev.unio.ro\/ro\/wp-json\/wp\/v2\/pages\/119\/revisions\/763"}],"up":[{"embeddable":true,"href":"https:\/\/dev.unio.ro\/ro\/wp-json\/wp\/v2\/pages\/113"}],"wp:attachment":[{"href":"https:\/\/dev.unio.ro\/ro\/wp-json\/wp\/v2\/media?parent=119"}],"curies":[{"name":"wp","href":"https:\/\/api.w.org\/{rel}","templated":true}]}}