{"id":126,"date":"2021-12-16T12:18:11","date_gmt":"2021-12-16T12:18:11","guid":{"rendered":"https:\/\/dev.unio.ro\/?page_id=126"},"modified":"2022-03-17T13:16:44","modified_gmt":"2022-03-17T13:16:44","slug":"inquiry","status":"publish","type":"page","link":"https:\/\/dev.unio.ro\/ro\/inquiry\/","title":{"rendered":"Solicit\u0103 ofert\u0103"},"content":{"rendered":"<div class=\"wp-block-image\"><figure class=\"alignright size-medium\"><img decoding=\"async\" width=\"300\" height=\"225\" src=\"https:\/\/dev.unio.ro\/wp-content\/uploads\/2022\/03\/milling-at-Unio-SA-300x225.jpg\" alt=\"send your inquiry by email\" class=\"wp-image-550\" srcset=\"https:\/\/dev.unio.ro\/wp-content\/uploads\/2022\/03\/milling-at-Unio-SA-300x225.jpg 300w, https:\/\/dev.unio.ro\/wp-content\/uploads\/2022\/03\/milling-at-Unio-SA-768x576.jpg 768w, https:\/\/dev.unio.ro\/wp-content\/uploads\/2022\/03\/milling-at-Unio-SA.jpg 805w\" sizes=\"(max-width: 300px) 100vw, 300px\" \/><\/figure><\/div>\n\n\n\n<p>Oricare ar fi domeniul dvs. de activitate, echipa noastr\u0103 v\u0103 pune la dispozi\u021bie \u00eentreaga experien\u021b\u0103 \u0219i se adapteaz\u0103 cerin\u021belor dvs.<\/p>\n\n\n\n<p>V\u0103 invit\u0103m s\u0103 ne trimite\u021bi o cerere de ofert\u0103 folosind formularul de mai jos, pentru a vedea concret serviciile pe care vi le putem oferi. A\u0219tept\u0103m s\u0103 ne <a href=\"https:\/\/dev.unio.ro\/ro\/contact\/\" target=\"_blank\" rel=\"noreferrer noopener\">contacta\u021bi<\/a> \u00een maniera cea mai comod\u0103 pentru dvs. \u0219i \u00een maximum 48 de ore revenim cu un r\u0103spuns.<\/p>\n\n\n\n<h3 class=\"wp-block-heading\">Formular de solicitare ofert\u0103<\/h3>\n\n\n<div class=\"wpforms-container wpforms-container-full wpforms-block\" id=\"wpforms-128\"><form id=\"wpforms-form-128\" class=\"wpforms-validate wpforms-form wpforms-ajax-form\" data-formid=\"128\" method=\"post\" enctype=\"multipart\/form-data\" action=\"\/ro\/wp-json\/wp\/v2\/pages\/126\" data-token=\"561eb84b500c7b8e90b89fba9a9b05c4\" data-token-time=\"1777135637\" data-trp-original-action=\"\/ro\/wp-json\/wp\/v2\/pages\/126\"><noscript class=\"wpforms-error-noscript\">Please enable JavaScript in your browser to complete this form.<\/noscript><div class=\"wpforms-field-container\"><div id=\"wpforms-128-field_0-container\" class=\"wpforms-field wpforms-field-name\" data-field-id=\"0\"><label class=\"wpforms-field-label\">Nume <span class=\"wpforms-required-label\">*<\/span><\/label><div class=\"wpforms-field-row wpforms-field-medium\"><div class=\"wpforms-field-row-block wpforms-first wpforms-one-half\"><input type=\"text\" id=\"wpforms-128-field_0\" class=\"wpforms-field-name-first wpforms-field-required\" name=\"wpforms[fields][0][first]\" required><label for=\"wpforms-128-field_0\" class=\"wpforms-field-sublabel after\">First<\/label><\/div><div class=\"wpforms-field-row-block wpforms-one-half\"><input type=\"text\" id=\"wpforms-128-field_0-last\" class=\"wpforms-field-name-last wpforms-field-required\" name=\"wpforms[fields][0][last]\" required><label for=\"wpforms-128-field_0-last\" class=\"wpforms-field-sublabel after\">Last<\/label><\/div><\/div><\/div><div id=\"wpforms-128-field_6-container\" class=\"wpforms-field wpforms-field-text\" data-field-id=\"6\"><label class=\"wpforms-field-label\" for=\"wpforms-128-field_6\">Companie <span class=\"wpforms-required-label\">*<\/span><\/label><input type=\"text\" id=\"wpforms-128-field_6\" class=\"wpforms-field-medium wpforms-field-required\" name=\"wpforms[fields][6]\" required><\/div><div id=\"wpforms-128-field_7-container\" class=\"wpforms-field wpforms-field-text\" data-field-id=\"7\"><label class=\"wpforms-field-label\" for=\"wpforms-128-field_7\">Num\u0103r de telefon<\/label><input type=\"text\" id=\"wpforms-128-field_7\" class=\"wpforms-field-medium\" name=\"wpforms[fields][7]\" ><\/div><div id=\"wpforms-128-field_1-container\" class=\"wpforms-field wpforms-field-email\" data-field-id=\"1\"><label class=\"wpforms-field-label\" for=\"wpforms-128-field_1\">Email <span class=\"wpforms-required-label\">*<\/span><\/label><input type=\"email\" id=\"wpforms-128-field_1\" class=\"wpforms-field-medium wpforms-field-required\" name=\"wpforms[fields][1]\" spellcheck=\"false\" required><\/div><div id=\"wpforms-128-field_3-container\" class=\"wpforms-field wpforms-field-textarea\" data-field-id=\"3\"><label class=\"wpforms-field-label\" for=\"wpforms-128-field_3\">Mesaj <span class=\"wpforms-required-label\">*<\/span><\/label><textarea id=\"wpforms-128-field_3\" class=\"wpforms-field-medium wpforms-field-required\" name=\"wpforms[fields][3]\" required><\/textarea><\/div><\/div><!-- .wpforms-field-container --><div class=\"wpforms-submit-container\" ><input type=\"hidden\" name=\"wpforms[id]\" value=\"128\"><input type=\"hidden\" name=\"page_title\" value=\"\"><input type=\"hidden\" name=\"page_url\" value=\"https:\/\/dev.unio.ro\/ro\/wp-json\/wp\/v2\/pages\/126\"><input type=\"hidden\" name=\"url_referer\" value=\"\"><button type=\"submit\" name=\"wpforms[submit]\" id=\"wpforms-submit-128\" class=\"wpforms-submit\" data-alt-text=\"Sending...\" data-submit-text=\"Submit\" aria-live=\"assertive\" value=\"wpforms-submit\">Trimite<\/button><img decoding=\"async\" src=\"https:\/\/dev.unio.ro\/wp-content\/plugins\/wpforms-lite\/assets\/images\/submit-spin.svg\" class=\"wpforms-submit-spinner\" style=\"display: none;\" width=\"26\" height=\"26\" alt=\"Loading\"><\/div><input type=\"hidden\" name=\"trp-form-language\" value=\"ro\"\/><\/form><\/div>  <!-- .wpforms-container -->","protected":false},"excerpt":{"rendered":"<p>Whatever the sector of activity of your company, our team puts all its know-how at your service and adapts to all your requests. We encourage you to send us an offer request using the form below so you can see exactly how we can help. Please feel free to contact us in any way you &hellip;<\/p>\n<p class=\"read-more\"> <a class=\"\" href=\"https:\/\/dev.unio.ro\/ro\/inquiry\/\"> <span class=\"screen-reader-text\">Solicit\u0103 ofert\u0103<\/span> Read More &raquo;<\/a><\/p>","protected":false},"author":1,"featured_media":0,"parent":0,"menu_order":0,"comment_status":"closed","ping_status":"closed","template":"","meta":{"site-sidebar-layout":"default","site-content-layout":"default","ast-main-header-display":"","ast-hfb-above-header-display":"","ast-hfb-below-header-display":"","ast-hfb-mobile-header-display":"","site-post-title":"","ast-breadcrumbs-content":"","ast-featured-img":"","footer-sml-layout":"","theme-transparent-header-meta":"","adv-header-id-meta":"","stick-header-meta":"","header-above-stick-meta":"","header-main-stick-meta":"","header-below-stick-meta":"","footnotes":""},"class_list":["post-126","page","type-page","status-publish","hentry"],"_links":{"self":[{"href":"https:\/\/dev.unio.ro\/ro\/wp-json\/wp\/v2\/pages\/126","targetHints":{"allow":["GET"]}}],"collection":[{"href":"https:\/\/dev.unio.ro\/ro\/wp-json\/wp\/v2\/pages"}],"about":[{"href":"https:\/\/dev.unio.ro\/ro\/wp-json\/wp\/v2\/types\/page"}],"author":[{"embeddable":true,"href":"https:\/\/dev.unio.ro\/ro\/wp-json\/wp\/v2\/users\/1"}],"replies":[{"embeddable":true,"href":"https:\/\/dev.unio.ro\/ro\/wp-json\/wp\/v2\/comments?post=126"}],"version-history":[{"count":7,"href":"https:\/\/dev.unio.ro\/ro\/wp-json\/wp\/v2\/pages\/126\/revisions"}],"predecessor-version":[{"id":663,"href":"https:\/\/dev.unio.ro\/ro\/wp-json\/wp\/v2\/pages\/126\/revisions\/663"}],"wp:attachment":[{"href":"https:\/\/dev.unio.ro\/ro\/wp-json\/wp\/v2\/media?parent=126"}],"curies":[{"name":"wp","href":"https:\/\/api.w.org\/{rel}","templated":true}]}}