{"id":171,"date":"2021-12-16T13:44:45","date_gmt":"2021-12-16T13:44:45","guid":{"rendered":"https:\/\/dev.unio.ro\/?page_id=171"},"modified":"2022-03-18T07:51:30","modified_gmt":"2022-03-18T07:51:30","slug":"careers","status":"publish","type":"page","link":"https:\/\/dev.unio.ro\/ro\/about-us-large-technological-equipment-factory\/careers\/","title":{"rendered":"Carier\u0103"},"content":{"rendered":"<div class=\"wp-block-image\"><figure class=\"alignright size-medium\"><img decoding=\"async\" width=\"300\" height=\"225\" src=\"https:\/\/dev.unio.ro\/wp-content\/uploads\/2022\/03\/resume-career-at-Unio-Sa-300x225.jpg\" alt=\"careers at Unio SA Marine equipment manufacturer\" class=\"wp-image-571\" srcset=\"https:\/\/dev.unio.ro\/wp-content\/uploads\/2022\/03\/resume-career-at-Unio-Sa-300x225.jpg 300w, https:\/\/dev.unio.ro\/wp-content\/uploads\/2022\/03\/resume-career-at-Unio-Sa-768x576.jpg 768w, https:\/\/dev.unio.ro\/wp-content\/uploads\/2022\/03\/resume-career-at-Unio-Sa.jpg 900w\" sizes=\"(max-width: 300px) 100vw, 300px\" \/><\/figure><\/div>\n\n\n\n<p>Dac\u0103 sunte\u021bi \u00een c\u0103utarea unei noi provoc\u0103ri, trimite\u021bi- <a href=\"https:\/\/dev.unio.ro\/ro\/about-us-large-technological-equipment-factory\/the-company\/\">ne<\/a> CV-ul dvs. Avem pozi\u021bii deschise \u00een mai multe compartimente.<\/p>\n\n\n\n<h3 class=\"wp-block-heading\">Joburi disponibile - avansa\u021bi \u00een carier\u0103<\/h3>\n\n\n\n<p>\ud83c\uddf7\ud83c\uddf4: Angaj\u0103m<strong><em> L\u0103c\u0103tu\u0219i Mecanici<\/em><\/strong> pentru: montaj construc\u021bie subansamble.<\/p>\n\n\n\n<p><strong>Candidatul ideal:<\/strong><\/p>\n\n\n\n<ul class=\"wp-block-list\"><li>experien\u021b\u0103 \u00een domeniu.<\/li><li>cuno\u0219tin\u021be temeinice de desen tehnic.<\/li><li>abilit\u0103\u021bi practice, spirit de echip\u0103.<\/li><li>experien\u021b\u0103 \u00een asamblarea dup\u0103 desen a construc\u021biilor metalice.<\/li><li>efectueaz\u0103 toate lucr\u0103rile cu respectarea cerin\u021belor de calitate impuse prin procedura de lucru sau prin instruc\u021biunile tehnologice.<br><\/li><\/ul>\n\n\n\n<p>Oferim <strong>salariu motivant<\/strong> \u00een func\u021bie de experien\u021b\u0103 \u0219i cazare pentru persoanele din afara ora\u0219ului.<br>Pentru mai multe detalii nu ezita\u021bi s\u0103 ne contacta\u021bi.<\/p>\n\n\n\n<p>Persoanele interesate sunt rugate s\u0103 trimit\u0103 un CV pe email la <a href=\"mailto:personal@unio.ro\">personal@unio.ro<\/a><\/p>\n\n\n\n<p>Pentru a vedea oferta de munc\u0103 la nivelul jude\u021bului Satu Mare, vizita\u021bi pagina <a href=\"http:\/\/anofmvechi.anofm.ro\/date-de-contact-pentru-ajofm-satu-mare\" target=\"_blank\" rel=\"noopener\">AJOFM Satu Mare<\/a>.<\/p>","protected":false},"excerpt":{"rendered":"<p>If you&#8217;re looking for a new challenge in your career, send us your resume. We have open positions in several departments. Available jobs &#8211; advance in your career \ud83c\uddf7\ud83c\uddf4: Angaj\u0103m L\u0103c\u0103tu\u0219i Mecanici pentru: montaj construc\u021bie subansamble. Candidatul ideal: experien\u021b\u0103 \u00een domeniu. cuno\u0219tin\u021be temeinice de desen tehnic. abilit\u0103\u021bi practice, spirit de echip\u0103. experien\u021b\u0103 \u00een asamblarea dup\u0103 &hellip;<\/p>\n<p class=\"read-more\"> <a class=\"\" href=\"https:\/\/dev.unio.ro\/ro\/about-us-large-technological-equipment-factory\/careers\/\"> <span class=\"screen-reader-text\">Carier\u0103<\/span> Read More &raquo;<\/a><\/p>","protected":false},"author":1,"featured_media":0,"parent":7,"menu_order":0,"comment_status":"closed","ping_status":"closed","template":"","meta":{"site-sidebar-layout":"default","site-content-layout":"default","ast-main-header-display":"","ast-hfb-above-header-display":"","ast-hfb-below-header-display":"","ast-hfb-mobile-header-display":"","site-post-title":"","ast-breadcrumbs-content":"","ast-featured-img":"","footer-sml-layout":"","theme-transparent-header-meta":"","adv-header-id-meta":"","stick-header-meta":"","header-above-stick-meta":"","header-main-stick-meta":"","header-below-stick-meta":"","footnotes":""},"class_list":["post-171","page","type-page","status-publish","hentry"],"_links":{"self":[{"href":"https:\/\/dev.unio.ro\/ro\/wp-json\/wp\/v2\/pages\/171","targetHints":{"allow":["GET"]}}],"collection":[{"href":"https:\/\/dev.unio.ro\/ro\/wp-json\/wp\/v2\/pages"}],"about":[{"href":"https:\/\/dev.unio.ro\/ro\/wp-json\/wp\/v2\/types\/page"}],"author":[{"embeddable":true,"href":"https:\/\/dev.unio.ro\/ro\/wp-json\/wp\/v2\/users\/1"}],"replies":[{"embeddable":true,"href":"https:\/\/dev.unio.ro\/ro\/wp-json\/wp\/v2\/comments?post=171"}],"version-history":[{"count":9,"href":"https:\/\/dev.unio.ro\/ro\/wp-json\/wp\/v2\/pages\/171\/revisions"}],"predecessor-version":[{"id":680,"href":"https:\/\/dev.unio.ro\/ro\/wp-json\/wp\/v2\/pages\/171\/revisions\/680"}],"up":[{"embeddable":true,"href":"https:\/\/dev.unio.ro\/ro\/wp-json\/wp\/v2\/pages\/7"}],"wp:attachment":[{"href":"https:\/\/dev.unio.ro\/ro\/wp-json\/wp\/v2\/media?parent=171"}],"curies":[{"name":"wp","href":"https:\/\/api.w.org\/{rel}","templated":true}]}}