{"id":2,"date":"2021-12-07T14:21:44","date_gmt":"2021-12-07T14:21:44","guid":{"rendered":"http:\/?page_id=2"},"modified":"2022-03-18T11:27:12","modified_gmt":"2022-03-18T11:27:12","slug":"services","status":"publish","type":"page","link":"https:\/\/dev.unio.ro\/ro\/services\/","title":{"rendered":"Servicii"},"content":{"rendered":"<p>Pe platforma noastr\u0103 de 6 hectare \u0219i prin parteneriate stabile cu furnizorii no\u0219tri, oferim o gam\u0103 complet\u0103 de servicii:<\/p>\n\n\n\n<div class=\"wp-block-image\"><figure class=\"alignright size-medium\"><img decoding=\"async\" width=\"300\" height=\"225\" src=\"https:\/\/dev.unio.ro\/wp-content\/uploads\/2022\/03\/machining-center-1-300x225.jpg\" alt=\"Services offered by Unio SA\" class=\"wp-image-546\" srcset=\"https:\/\/dev.unio.ro\/wp-content\/uploads\/2022\/03\/machining-center-1-300x225.jpg 300w, https:\/\/dev.unio.ro\/wp-content\/uploads\/2022\/03\/machining-center-1.jpg 673w\" sizes=\"(max-width: 300px) 100vw, 300px\" \/><\/figure><\/div>\n\n\n\n<ul class=\"wp-block-list\"><li>Preg\u0103tirea materialelor \u0219i debitare<\/li><li>Deform\u0103ri plastice<\/li><li>Sudur\u0103<\/li><li>Tratament termic<\/li><li>Protec\u021bia suprafe\u021belor<\/li><li>Prelucr\u0103ri mecanice<\/li><li>Asamblare<\/li><li>Testare<\/li><\/ul>\n\n\n\n<p>Unul dintre punctele noastre forte \u00eel reprezint\u0103 prezen\u021ba sub acela\u0219i acoperi\u0219 a tuturor echipamentelor necesare pentru realizarea de<a href=\"https:\/\/dev.unio.ro\/ro\/about-us-large-technological-equipment-factory\/selected-references\/\"> proiecte de mari dimensiuni.<\/a>. <\/p>\n\n\n\n<div class=\"wp-block-buttons is-layout-flex wp-block-buttons-is-layout-flex\">\n<div class=\"wp-block-button aligncenter\"><a class=\"wp-block-button__link\" href=\"mailto:secretariat@unio.ro\">Planific\u0103 o vizit\u0103 la Unio<\/a><\/div>\n<\/div>\n\n\n\n<p>Iat\u0103 o list\u0103 a ma\u0219inilor \u0219i echipamentelor Unio SA:<\/p>\n\n\n\n<h3 class=\"wp-block-heading\">Echipamente pentru prelucrare mecanic\u0103<\/h3>\n\n\n\n<p><strong>Ma\u0219in\u0103 de rectificat de profil <\/strong><a href=\"https:\/\/www.kapp-niles.com\/en\/\" target=\"_blank\" rel=\"noopener\">Niles <\/a>ZE 1200<br>CNC Control SIEMENS SINUMERIK 840D<br>Diametru maxim: 1.200 mm<br>Ad\u00e2ncimea profilului: 55 mm<br>Modul maxim: ~25mm<br>Unghi helix: 45\u00b0<br>Lungimea cursei: max. 600 mm<br>\u00cenc\u0103rcarea mesei rotative: max. 7.000 kg<br>Roata de rectificat<br>Diametru: max. 350 mm<br>L\u0103\u021bime: maxim 80 mm<br>Viteza: max. 3.550 min \u00af\u00b9<\/p>\n\n\n\n<div class=\"wp-block-image\"><figure class=\"alignright size-medium\"><img decoding=\"async\" width=\"282\" height=\"300\" src=\"https:\/\/dev.unio.ro\/wp-content\/uploads\/2022\/03\/horizontal-milling-and-boring-machine-1-282x300.jpg\" alt=\"\" class=\"wp-image-543\" srcset=\"https:\/\/dev.unio.ro\/wp-content\/uploads\/2022\/03\/horizontal-milling-and-boring-machine-1-282x300.jpg 282w, https:\/\/dev.unio.ro\/wp-content\/uploads\/2022\/03\/horizontal-milling-and-boring-machine-1.jpg 717w\" sizes=\"(max-width: 282px) 100vw, 282px\" \/><\/figure><\/div>\n\n\n\n<p><strong>Ma\u0219ini orizontale de alezat \u0219i frezat <\/strong>TOS WHN 13 CNC<br>CNC Control SIEMENS SINUMERIK 840D<br>X= 4.000 mm; Z= 1.600 mm<br>Y= 3.000 mm; W= 800 mm<br>B= 0,003-1.5min \u00af\u00b9<br>\u00cenc\u0103rcarea maxim\u0103 a mesei 12 to.<br>Gama de viteze a axului 10-3,000 r.p.m<br>Masa rotativ\u0103: 1.800 x 2.600 mm<br>RMP60+RMI RENISHAW<br>Suportul axului PVD 13-550<\/p>\n\n\n\n<p><strong>Centru de prelucrare orizontal<\/strong> CPF 1-5<br>Control CNC<br>X= 2.000 mm; Masa rotativ\u0103: 1,200 x 1.200<br>Y=1.250 mm; Ax 3-3,000 r.p.m.;<br>3.000 kg; Greutatea maxim\u0103 a piesei: 35 kg<br>Z=1.250 mm; Depozitare unelte: 50 locuri<br>B=0 \u2013 360<sup>o<\/sup><\/p>\n\n\n\n<p><strong>Centru de prelucrare<\/strong> CBKOZ WMW \u2013 Germania<br>Control CNC<br>X=1.120 mm; Masa rotativ\u0103: 900 x 900 mm;<br>Y= 685 mm; 1.300 r.p.m.<br>3.000 kg; Depozit\u0103ri unelte: 60 locuri;<br>Z= 315 mm;<br>W= 630 mm.<\/p>\n\n\n\n<p><strong>Centru de prelucrare<\/strong> TOS 130 Q Republica Ceh\u0103<br>Control CNC<br>X= 3.000 mm; Mas\u0103 rotativ\u0103: 1.600 x 1.600 mm;<br>Y= 2.000 mm; 1.800 r.p.m.<br>Z= 1.200 mm; Depozitare unelte: 60 locuri;<br>3.000 kg<br>W=700-800 mm;<br>B=0-360<sup>o<\/sup><\/p>\n\n\n\n<div class=\"wp-block-image\"><figure class=\"alignright size-medium\"><img decoding=\"async\" width=\"300\" height=\"225\" src=\"https:\/\/dev.unio.ro\/wp-content\/uploads\/2022\/03\/ax-vinci-4.3m-2-tone-1-300x225.jpg\" alt=\"\" class=\"wp-image-615\" srcset=\"https:\/\/dev.unio.ro\/wp-content\/uploads\/2022\/03\/ax-vinci-4.3m-2-tone-1-300x225.jpg 300w, https:\/\/dev.unio.ro\/wp-content\/uploads\/2022\/03\/ax-vinci-4.3m-2-tone-1-768x576.jpg 768w, https:\/\/dev.unio.ro\/wp-content\/uploads\/2022\/03\/ax-vinci-4.3m-2-tone-1.jpg 800w\" sizes=\"(max-width: 300px) 100vw, 300px\" \/><\/figure><\/div>\n\n\n\n<p><strong>Strung paralel<\/strong> ERNAULT SOMUA \u2013 Fran\u021ba<br>Control NC<br>\u00d8 1.800 x 8.000 mm;<br>Ax 2 \u2013 240 r.p.m.<\/p>\n\n\n\n<p><strong>Strung paralel<\/strong> ERNAULT SOMUA \u2013 Fran\u021ba<br>Control NC;<br>\u00d8 1.400 x 5.000 mm;<br>Ax 1,5-300 r.p.m.<\/p>\n\n\n\n<div class=\"wp-block-image\"><figure class=\"alignright size-medium\"><img decoding=\"async\" width=\"300\" height=\"276\" src=\"https:\/\/dev.unio.ro\/wp-content\/uploads\/2022\/03\/vertical-turning-machine-with-5000-mm-diameter-at-Unio-SA-300x276.jpg\" alt=\"\" class=\"wp-image-584\" srcset=\"https:\/\/dev.unio.ro\/wp-content\/uploads\/2022\/03\/vertical-turning-machine-with-5000-mm-diameter-at-Unio-SA-300x276.jpg 300w, https:\/\/dev.unio.ro\/wp-content\/uploads\/2022\/03\/vertical-turning-machine-with-5000-mm-diameter-at-Unio-SA.jpg 677w\" sizes=\"(max-width: 300px) 100vw, 300px\" \/><\/figure><\/div>\n\n\n\n<p><strong>Strung de strunjire \u0219i alezat<\/strong> SKODA \u2013 Republica Ceh\u0103<br>\u00d8 <strong>max. 5.000 mm;<\/strong><br>Z= 3.000 mm.<\/p>\n\n\n\n<p><strong>Strung paralel<\/strong> Republica Ceh\u0103<br>\u00d8 2.000 x 8.000 mm<br>X= 5.185 mm; 13-630 r.p.m.;<br>Y= 2.370 mm;<br>Z= 1.250 mm;<\/p>\n\n\n\n<p><strong>Ma\u0219in\u0103 de frezat cu fante<\/strong> 6B 443 Rusia<br>Control NC X= 1.000 mm;<br>Y= 560 mm;<br>Z= 320 mm.<\/p>\n\n\n\n<p><strong>Ma\u0219in\u0103 de frezat cu portal<\/strong> FP 800 STIMIN \u2013 Oradea<br>Control CNC<br>X= 2.500 mm; Masa: 800 x 2.800 mm;<br>Y= 1,.000 mm; Viteza maxim\u0103 a axului: 3.000 mm r.p.m.;<br>Z= 1.000 mm; Greutatea maxim\u0103 a piesei: 10.000 kg.<\/p>\n\n\n\n<p><strong>Ma\u0219in\u0103 de alezat \u0219i frezat<\/strong> AF \u2013 120 TITAN \u2013 Bucure\u0219ti<br>Control CNC<br>X= 2.375 mm; Masa: 1.800 x 1.600 mm;<br>Y= 1.890 mm;<br>Z= 633 mm;<br>W= 1.500 mm.<\/p>\n\n\n\n<p><strong>Ma\u0219in\u0103 de alezat \u0219i frezat<\/strong> AFP \u2013 180 A 1<br>X= 10.000 mm;<br>Y= 3.800 mm; Ax: 1,25-630 r.p.m.;<br>Z= 1.900 mm;<br>B= 0-360<sup>o<\/sup><br>W= 1.200 mm;<br>Alezat \u0219i frezat X= 3.000 mm.<br> <br><strong>Ma\u0219in\u0103<\/strong> AFM-150<br>Y= 2.000 mm; Placa-mandrin\u0103: \u00d8750 mm;<br>Z= 1.000 mm; Ax: 5-1.000 r.p.m.;<br>B=0-360<sup>o<\/sup>;<br>W= 280 mm.<\/p>\n\n\n\n<p><strong>Ma\u0219in\u0103 de alezat \u0219i frezat <\/strong>BFK-150 WMW-Germania<br>X= 2.500 mm;<br>Y= 1.600 mm; Masa: 4.200 x 100 mm;<br>Z= 1,.000 mm; Ax: 125-630 r.p.m.;<br>B= 0-360<sup>o<\/sup>; Greutate maxim\u0103: 7.600 kg.<\/p>\n\n\n\n<p><strong>Ma\u0219in\u0103 de alezat \u0219i frezat <\/strong>BFT \u2013 430<br>X= 2.500 mm;<br>Y= 1.600 mm; Masa: 2.500 x 1.000 mm;<br>Z= 1,.000 mm; Ax: 125-630 r.p.m.;<br>B= 0-360<sup>o<\/sup>; Greutate maxim\u0103: 5.000 kg.<\/p>\n\n\n\n<p><strong>Ma\u0219in\u0103 de frezat cu fante <\/strong>GB 443 \u2013 Rusia <br>Control CNC<br>X= 1.000 mm; Masa: 1.250 x 630 mm;<br>Y= 500 mm; Ax: 32 \u2013 2.500 r.p.m.;<br>Z= 320 mm; Greutate maxim\u0103: 3.000 kg.<\/p>\n\n\n\n<p><strong>Ma\u0219in\u0103 de rectificat <\/strong>SZ 16-17-06\/22\/1-7\/1 WMW-Germania<br>X= 600 mm;<br>Y= 1.750 mm; Ax: 960 r.p.m;<br>Z= 1.700 mm; Greutate maxim\u0103: 30.000 kg.<\/p>\n\n\n\n<p><strong>Echipament de frezare cu portal <\/strong>FLP-1600 TITAN \u2013 Bucure\u0219ti<br>X= 5.185 mm; Masa: 4.750 x 1.600 mm;<br>Y= 2.370 mm; Ax: 13-630 r.p.m;<br>Z= 1.250 mm.<\/p>\n\n\n\n<p><br><strong>Ma\u0219in\u0103 de frezat cu portal<\/strong> FLP \u2013 2000 TITAN \u2013 Bucure\u0219ti<br>X= 5.185 mm;<br>Y= 2.750 mm; Masa: 4.750 x 2.000 mm;<br>Y= 2.750 mm; Masa: 4.750 x 2.000 mm;<br>W= 300 mm; Greutate maxim\u0103: 1.500 kg.<\/p>\n\n\n\n<p><br><strong>Strung paralel<\/strong> TCN 10 \u2013 LEADLE Spania<br>Control CNC<br>Diametrul maxim al piesei peste glisier: 250 mm;<br>Lungimea maxim\u0103 a piesei: 1.190 mm;<br>Viteza maxim\u0103 a axului: 4.000 r.p.m.;<br><br><strong>Strung paralel<\/strong> TCN 12 \u2013 LEADLE Spania<br>Control CNC<br>Diametrul maxim al piesei peste glisier: 525 mm;<br>Lungimea maxim\u0103 a piesei: 1.820 mm;<br>Viteza maxim\u0103 a axului: 4.000 r.p.m.<br><\/p>\n\n\n\n<p><strong>Echipament de danturat <\/strong>W.M.W \u2013 Germania <br>Diametrul maxim al ro\u021bii: 5.000 mm;<br>Pas maxim: 42 mm;<br>L\u0103\u021bime maxim\u0103: 1.000 mm.<\/p>\n\n\n\n<p><br><strong>Ma\u0219in\u0103 de rectificat angrenaje<\/strong> NILES \u2013 Germania <br>Diametrul maxim al ro\u021bii: 1.000 mm;<br>Pas maxim: 30 mm;<br>L\u0103\u021bime maxim\u0103: 450 mm;<\/p>\n\n\n\n<p><\/p>\n\n\n\n<p><strong>Pres\u0103<\/strong> PIT-680 <br>For\u021ba de presiune maxim\u0103: 680 t;<br>Lungimea maxim\u0103 a flan\u0219ei: 3.000 mm.<\/p>\n\n\n\n<p><br><strong>Ma\u0219in\u0103 de debitare<\/strong> MESSER \u2013 GRIESHEIM Germania<br>Control CNC<br>Grosimea maxim\u0103 a pl\u0103cii: 200 mm;<br>L\u0103\u021bimea maxim\u0103: 2.500 mm;<br>Lungimea maxim\u0103: 12.000 mm.<br><br><strong>Centru de prelucrare<\/strong> DANOBAT FS 8000 SORALUCE \u2013 Spania<br>Control CNC<br>X= 8.000 mm;<br>Y= 2.000 mm; Ax 15 - 2.000 r.p.m.;<br>Z= 1.500 mm;<br>B= 0-360<sup>o<\/sup>;<br>Masa rotativ\u0103: 2.000 x 2.000 mm;<br>Depozitare unelte: 60 locuri;<br>Greutatea maxim\u0103 a piesei: 20 kg.<br><br><strong>Echipamente de uzinare verticale<\/strong>Maho Deckel 532 1 CNC MAHO<br>Masa rotativ\u0103 500 x 500 mm;<br>5 axe.<\/p>\n\n\n\n<h3 class=\"wp-block-heading\">Echipament turn\u0103torie<\/h3>\n\n\n\n<p><strong>Ma\u0219in\u0103 de turnare cu impulsuri de aer<\/strong> FORMTEC \u2013 Germania<br>30 piese turnate\/or\u0103<br>850 x 650 x 250 mm<\/p>\n\n\n\n<p><strong>Laborator Spectrolab<\/strong> SPECTRO \u2013 Germania <br>Analiz\u0103 chimic\u0103 rapid\u0103 - 29 de elemente<br><br><strong>Cuptor cu induc\u021bie cu generator static <\/strong><br>250 kg, 400 kg, 1.000 kg, 2.000 kg.<br><br><strong>Linie de turnare carcase bachelit\u0103 <\/strong>25 carcase\/or\u0103<\/p>\n\n\n\n<p><\/p>\n\n\n\n<h3 class=\"wp-block-heading\">Echipament de forjare - servicii de formare<\/h3>\n\n\n\n<p><strong>Ciocan pneumatic cu recul<\/strong> EKG, EK8 \u2013 Ungaria<br>For\u021ba pneumatic\u0103 6.000 kgf.m \u0219i 8.000 kgf.m.<\/p>\n\n\n\n<p><strong>Ciocan pneumatic cu recul<\/strong> China For\u021ba pneumatic\u0103: 25.000 kgf.m.<\/p>\n\n\n\n<p><strong>Pres\u0103 hidraulic\u0103 de forjare<\/strong> China<br>For\u021b\u0103 de presare: 630 tf.<\/p>\n\n\n\n<p><strong>Maxipress<\/strong> FORTUS \u2013 Ia\u0219i <br>For\u021b\u0103 de presare: 1.000 tf \u0219i 1.300 tf.<\/p>\n\n\n\n<p>Dac\u0103 dori\u021bi mai multe detalii despre serviciile pe care le prest\u0103m sau o ofert\u0103 de pre\u021b, v\u0103 rug\u0103m s\u0103 ne transmite\u021bi un email la <a href=\"mailto:inquiry@unio.ro\">inquiry@unio.ro<\/a> <\/p>","protected":false},"excerpt":{"rendered":"<p>On our 6 hectares industrial platform and through long-lasting partnerships we offer a full range of services: Material preparation and cutting Forming Welding Heat treatment Surface protection Mechanical machining Assembly Testing One of our strong points is having under one roof all the necessary pieces of equipment for undertaking large projects. Here&#8217;s a list of &hellip;<\/p>\n<p class=\"read-more\"> <a class=\"\" href=\"https:\/\/dev.unio.ro\/ro\/services\/\"> <span class=\"screen-reader-text\">Servicii<\/span> Read More &raquo;<\/a><\/p>","protected":false},"author":1,"featured_media":0,"parent":0,"menu_order":0,"comment_status":"closed","ping_status":"closed","template":"","meta":{"site-sidebar-layout":"default","site-content-layout":"default","ast-main-header-display":"","ast-hfb-above-header-display":"","ast-hfb-below-header-display":"","ast-hfb-mobile-header-display":"","site-post-title":"","ast-breadcrumbs-content":"","ast-featured-img":"","footer-sml-layout":"","theme-transparent-header-meta":"","adv-header-id-meta":"","stick-header-meta":"","header-above-stick-meta":"","header-main-stick-meta":"","header-below-stick-meta":"","footnotes":""},"class_list":["post-2","page","type-page","status-publish","hentry"],"_links":{"self":[{"href":"https:\/\/dev.unio.ro\/ro\/wp-json\/wp\/v2\/pages\/2","targetHints":{"allow":["GET"]}}],"collection":[{"href":"https:\/\/dev.unio.ro\/ro\/wp-json\/wp\/v2\/pages"}],"about":[{"href":"https:\/\/dev.unio.ro\/ro\/wp-json\/wp\/v2\/types\/page"}],"author":[{"embeddable":true,"href":"https:\/\/dev.unio.ro\/ro\/wp-json\/wp\/v2\/users\/1"}],"replies":[{"embeddable":true,"href":"https:\/\/dev.unio.ro\/ro\/wp-json\/wp\/v2\/comments?post=2"}],"version-history":[{"count":15,"href":"https:\/\/dev.unio.ro\/ro\/wp-json\/wp\/v2\/pages\/2\/revisions"}],"predecessor-version":[{"id":710,"href":"https:\/\/dev.unio.ro\/ro\/wp-json\/wp\/v2\/pages\/2\/revisions\/710"}],"wp:attachment":[{"href":"https:\/\/dev.unio.ro\/ro\/wp-json\/wp\/v2\/media?parent=2"}],"curies":[{"name":"wp","href":"https:\/\/api.w.org\/{rel}","templated":true}]}}