{"id":6,"date":"2021-12-07T14:44:18","date_gmt":"2021-12-07T14:44:18","guid":{"rendered":"https:\/\/dev.unio.ro?page_id=6"},"modified":"2022-04-13T13:32:17","modified_gmt":"2022-04-13T13:32:17","slug":"homepage","status":"publish","type":"page","link":"https:\/\/dev.unio.ro\/ro\/","title":{"rendered":""},"content":{"rendered":"<div class=\"wp-block-nextend-smartslider3\">[smartslider3 slider=&#8221;2&#8243;]<\/div>\n\n\n\n<div style=\"height:100px\" aria-hidden=\"true\" class=\"wp-block-spacer\"><\/div>\n\n\n\n<div class=\"wp-block-columns is-layout-flex wp-container-core-columns-is-layout-9d6595d7 wp-block-columns-is-layout-flex\">\n<div class=\"wp-block-column is-layout-flow wp-block-column-is-layout-flow\">\n<div class=\"wp-block-image\"><figure class=\"aligncenter size-full is-resized\"><img decoding=\"async\" src=\"https:\/\/dev.unio.ro\/wp-content\/uploads\/2022\/04\/cropped-logo-nou-Unio-site-icon.jpg\" alt=\"Unio SA Marine Equipment Manufacturer\" class=\"wp-image-714\" width=\"30\" height=\"30\" srcset=\"https:\/\/dev.unio.ro\/wp-content\/uploads\/2022\/04\/cropped-logo-nou-Unio-site-icon.jpg 512w, https:\/\/dev.unio.ro\/wp-content\/uploads\/2022\/04\/cropped-logo-nou-Unio-site-icon-300x300.jpg 300w, https:\/\/dev.unio.ro\/wp-content\/uploads\/2022\/04\/cropped-logo-nou-Unio-site-icon-150x150.jpg 150w, https:\/\/dev.unio.ro\/wp-content\/uploads\/2022\/04\/cropped-logo-nou-Unio-site-icon-12x12.jpg 12w, https:\/\/dev.unio.ro\/wp-content\/uploads\/2022\/04\/cropped-logo-nou-Unio-site-icon-270x270.jpg 270w, https:\/\/dev.unio.ro\/wp-content\/uploads\/2022\/04\/cropped-logo-nou-Unio-site-icon-192x192.jpg 192w, https:\/\/dev.unio.ro\/wp-content\/uploads\/2022\/04\/cropped-logo-nou-Unio-site-icon-180x180.jpg 180w, https:\/\/dev.unio.ro\/wp-content\/uploads\/2022\/04\/cropped-logo-nou-Unio-site-icon-32x32.jpg 32w\" sizes=\"(max-width: 30px) 100vw, 30px\" \/><\/figure><\/div>\n\n\n\n<p class=\"has-text-align-center\" style=\"font-size:16px\"><strong>110<br>ani de experien\u021b\u0103<\/strong><\/p>\n<\/div>\n\n\n\n<div class=\"wp-block-column is-layout-flow wp-block-column-is-layout-flow\">\n<div class=\"wp-block-image\"><figure class=\"aligncenter size-full is-resized\"><img decoding=\"async\" src=\"https:\/\/dev.unio.ro\/wp-content\/uploads\/2022\/04\/cropped-logo-nou-Unio-site-icon.jpg\" alt=\"Unio SA Marine Equipment Manufacturer\" class=\"wp-image-714\" width=\"30\" height=\"30\" srcset=\"https:\/\/dev.unio.ro\/wp-content\/uploads\/2022\/04\/cropped-logo-nou-Unio-site-icon.jpg 512w, https:\/\/dev.unio.ro\/wp-content\/uploads\/2022\/04\/cropped-logo-nou-Unio-site-icon-300x300.jpg 300w, https:\/\/dev.unio.ro\/wp-content\/uploads\/2022\/04\/cropped-logo-nou-Unio-site-icon-150x150.jpg 150w, https:\/\/dev.unio.ro\/wp-content\/uploads\/2022\/04\/cropped-logo-nou-Unio-site-icon-12x12.jpg 12w, https:\/\/dev.unio.ro\/wp-content\/uploads\/2022\/04\/cropped-logo-nou-Unio-site-icon-270x270.jpg 270w, https:\/\/dev.unio.ro\/wp-content\/uploads\/2022\/04\/cropped-logo-nou-Unio-site-icon-192x192.jpg 192w, https:\/\/dev.unio.ro\/wp-content\/uploads\/2022\/04\/cropped-logo-nou-Unio-site-icon-180x180.jpg 180w, https:\/\/dev.unio.ro\/wp-content\/uploads\/2022\/04\/cropped-logo-nou-Unio-site-icon-32x32.jpg 32w\" sizes=\"(max-width: 30px) 100vw, 30px\" \/><\/figure><\/div>\n\n\n\n<p class=\"has-text-align-center\" style=\"font-size:16px\"><strong>60.000 mp<\/strong><br>suprafa\u021ba de produc\u021bie<\/p>\n<\/div>\n\n\n\n<div class=\"wp-block-column is-layout-flow wp-block-column-is-layout-flow\">\n<div class=\"wp-block-image\"><figure class=\"aligncenter size-full is-resized\"><img decoding=\"async\" src=\"https:\/\/dev.unio.ro\/wp-content\/uploads\/2022\/04\/cropped-logo-nou-Unio-site-icon.jpg\" alt=\"Unio SA Marine Equipment Manufacturer\" class=\"wp-image-714\" width=\"30\" height=\"30\" srcset=\"https:\/\/dev.unio.ro\/wp-content\/uploads\/2022\/04\/cropped-logo-nou-Unio-site-icon.jpg 512w, https:\/\/dev.unio.ro\/wp-content\/uploads\/2022\/04\/cropped-logo-nou-Unio-site-icon-300x300.jpg 300w, https:\/\/dev.unio.ro\/wp-content\/uploads\/2022\/04\/cropped-logo-nou-Unio-site-icon-150x150.jpg 150w, https:\/\/dev.unio.ro\/wp-content\/uploads\/2022\/04\/cropped-logo-nou-Unio-site-icon-12x12.jpg 12w, https:\/\/dev.unio.ro\/wp-content\/uploads\/2022\/04\/cropped-logo-nou-Unio-site-icon-270x270.jpg 270w, https:\/\/dev.unio.ro\/wp-content\/uploads\/2022\/04\/cropped-logo-nou-Unio-site-icon-192x192.jpg 192w, https:\/\/dev.unio.ro\/wp-content\/uploads\/2022\/04\/cropped-logo-nou-Unio-site-icon-180x180.jpg 180w, https:\/\/dev.unio.ro\/wp-content\/uploads\/2022\/04\/cropped-logo-nou-Unio-site-icon-32x32.jpg 32w\" sizes=\"(max-width: 30px) 100vw, 30px\" \/><\/figure><\/div>\n\n\n\n<p class=\"has-text-align-center\" style=\"font-size:16px\"><strong>220<\/strong><br>angaja\u021bi<\/p>\n<\/div>\n\n\n\n<div class=\"wp-block-column is-layout-flow wp-block-column-is-layout-flow\">\n<div class=\"wp-block-image\"><figure class=\"aligncenter size-full is-resized\"><img decoding=\"async\" src=\"https:\/\/dev.unio.ro\/wp-content\/uploads\/2022\/04\/cropped-logo-nou-Unio-site-icon.jpg\" alt=\"Unio SA Marine Equipment Manufacturer\" class=\"wp-image-714\" width=\"30\" height=\"30\" srcset=\"https:\/\/dev.unio.ro\/wp-content\/uploads\/2022\/04\/cropped-logo-nou-Unio-site-icon.jpg 512w, https:\/\/dev.unio.ro\/wp-content\/uploads\/2022\/04\/cropped-logo-nou-Unio-site-icon-300x300.jpg 300w, https:\/\/dev.unio.ro\/wp-content\/uploads\/2022\/04\/cropped-logo-nou-Unio-site-icon-150x150.jpg 150w, https:\/\/dev.unio.ro\/wp-content\/uploads\/2022\/04\/cropped-logo-nou-Unio-site-icon-12x12.jpg 12w, https:\/\/dev.unio.ro\/wp-content\/uploads\/2022\/04\/cropped-logo-nou-Unio-site-icon-270x270.jpg 270w, https:\/\/dev.unio.ro\/wp-content\/uploads\/2022\/04\/cropped-logo-nou-Unio-site-icon-192x192.jpg 192w, https:\/\/dev.unio.ro\/wp-content\/uploads\/2022\/04\/cropped-logo-nou-Unio-site-icon-180x180.jpg 180w, https:\/\/dev.unio.ro\/wp-content\/uploads\/2022\/04\/cropped-logo-nou-Unio-site-icon-32x32.jpg 32w\" sizes=\"(max-width: 30px) 100vw, 30px\" \/><\/figure><\/div>\n\n\n\n<p class=\"has-text-align-center\" style=\"font-size:16px\"><strong>+40.000<\/strong><br>proiecte la comand\u0103<\/p>\n<\/div>\n\n\n\n<div class=\"wp-block-column is-layout-flow wp-block-column-is-layout-flow\">\n<div class=\"wp-block-image\"><figure class=\"aligncenter size-full is-resized\"><img decoding=\"async\" src=\"https:\/\/dev.unio.ro\/wp-content\/uploads\/2022\/04\/cropped-logo-nou-Unio-site-icon.jpg\" alt=\"Unio SA Marine Equipment Manufacturer\" class=\"wp-image-714\" width=\"30\" height=\"30\" srcset=\"https:\/\/dev.unio.ro\/wp-content\/uploads\/2022\/04\/cropped-logo-nou-Unio-site-icon.jpg 512w, https:\/\/dev.unio.ro\/wp-content\/uploads\/2022\/04\/cropped-logo-nou-Unio-site-icon-300x300.jpg 300w, https:\/\/dev.unio.ro\/wp-content\/uploads\/2022\/04\/cropped-logo-nou-Unio-site-icon-150x150.jpg 150w, https:\/\/dev.unio.ro\/wp-content\/uploads\/2022\/04\/cropped-logo-nou-Unio-site-icon-12x12.jpg 12w, https:\/\/dev.unio.ro\/wp-content\/uploads\/2022\/04\/cropped-logo-nou-Unio-site-icon-270x270.jpg 270w, https:\/\/dev.unio.ro\/wp-content\/uploads\/2022\/04\/cropped-logo-nou-Unio-site-icon-192x192.jpg 192w, https:\/\/dev.unio.ro\/wp-content\/uploads\/2022\/04\/cropped-logo-nou-Unio-site-icon-180x180.jpg 180w, https:\/\/dev.unio.ro\/wp-content\/uploads\/2022\/04\/cropped-logo-nou-Unio-site-icon-32x32.jpg 32w\" sizes=\"(max-width: 30px) 100vw, 30px\" \/><\/figure><\/div>\n\n\n\n<p class=\"has-text-align-center\" style=\"font-size:16px\"><strong>85%<\/strong><br>produc\u021bie pentru clien\u021bi externi<\/p>\n<\/div>\n<\/div>\n\n\n\n<div class=\"wp-block-columns is-layout-flex wp-container-core-columns-is-layout-9d6595d7 wp-block-columns-is-layout-flex\">\n<div class=\"wp-block-column is-layout-flow wp-block-column-is-layout-flow\">\n<figure class=\"wp-block-image size-full\"><img decoding=\"async\" width=\"1000\" height=\"749\" src=\"https:\/\/dev.unio.ro\/wp-content\/uploads\/2022\/04\/winches.jpg\" alt=\"winches manufactured by Unio SA for Palfinger Marine\" class=\"wp-image-738\" srcset=\"https:\/\/dev.unio.ro\/wp-content\/uploads\/2022\/04\/winches.jpg 1000w, https:\/\/dev.unio.ro\/wp-content\/uploads\/2022\/04\/winches-300x225.jpg 300w, https:\/\/dev.unio.ro\/wp-content\/uploads\/2022\/04\/winches-768x575.jpg 768w, https:\/\/dev.unio.ro\/wp-content\/uploads\/2022\/04\/winches-16x12.jpg 16w\" sizes=\"(max-width: 1000px) 100vw, 1000px\" \/><\/figure>\n<\/div>\n\n\n\n<div class=\"wp-block-column is-layout-flow wp-block-column-is-layout-flow\">\n<figure class=\"wp-block-image size-full\"><img decoding=\"async\" width=\"1000\" height=\"750\" src=\"https:\/\/dev.unio.ro\/wp-content\/uploads\/2022\/04\/chainstoppers.jpg\" alt=\"chain stoppers manufactured by Unio SA for Palfinger Marine\" class=\"wp-image-734\" srcset=\"https:\/\/dev.unio.ro\/wp-content\/uploads\/2022\/04\/chainstoppers.jpg 1000w, https:\/\/dev.unio.ro\/wp-content\/uploads\/2022\/04\/chainstoppers-300x225.jpg 300w, https:\/\/dev.unio.ro\/wp-content\/uploads\/2022\/04\/chainstoppers-768x576.jpg 768w, https:\/\/dev.unio.ro\/wp-content\/uploads\/2022\/04\/chainstoppers-16x12.jpg 16w\" sizes=\"(max-width: 1000px) 100vw, 1000px\" \/><\/figure>\n<\/div>\n\n\n\n<div class=\"wp-block-column is-layout-flow wp-block-column-is-layout-flow\">\n<figure class=\"wp-block-image size-full\"><img decoding=\"async\" width=\"1000\" height=\"749\" src=\"https:\/\/dev.unio.ro\/wp-content\/uploads\/2022\/04\/capstans.jpg\" alt=\"capstans manufactured by Unio SA for Palfinger Marine\" class=\"wp-image-733\" srcset=\"https:\/\/dev.unio.ro\/wp-content\/uploads\/2022\/04\/capstans.jpg 1000w, https:\/\/dev.unio.ro\/wp-content\/uploads\/2022\/04\/capstans-300x225.jpg 300w, https:\/\/dev.unio.ro\/wp-content\/uploads\/2022\/04\/capstans-768x575.jpg 768w, https:\/\/dev.unio.ro\/wp-content\/uploads\/2022\/04\/capstans-16x12.jpg 16w\" sizes=\"(max-width: 1000px) 100vw, 1000px\" \/><\/figure>\n<\/div>\n<\/div>\n\n\n\n<div class=\"wp-block-columns is-layout-flex wp-container-core-columns-is-layout-9d6595d7 wp-block-columns-is-layout-flex\">\n<div class=\"wp-block-column is-layout-flow wp-block-column-is-layout-flow\" style=\"flex-basis:66.66%\">\n<h2 class=\"has-text-align-right wp-block-heading\"><a href=\"https:\/\/dev.unio.ro\/ro\/quality\/certifications\/\">Atelier certificat DNV<\/a><\/h2>\n\n\n\n<h2 class=\"has-text-align-right wp-block-heading\"><a href=\"https:\/\/dev.unio.ro\/ro\/services\/\">Solu\u021bie unic\u0103 pentru echipamente mari<\/a><\/h2>\n\n\n\n<h2 class=\"has-text-align-right wp-block-heading\"><a href=\"https:\/\/dev.unio.ro\/ro\/about-us-large-technological-equipment-factory\/our-clients\/\">Clien\u021bi interna\u021bionali<\/a><\/h2>\n<\/div>\n\n\n\n<div class=\"wp-block-column is-layout-flow wp-block-column-is-layout-flow\" style=\"flex-basis:33.33%\">\n<div class=\"wp-block-image\"><figure class=\"aligncenter size-full is-resized\"><img decoding=\"async\" src=\"https:\/\/dev.unio.ro\/wp-content\/uploads\/2022\/04\/anchor.jpg\" alt=\"Unio SA marine equipment manufacturer\" class=\"wp-image-732\" width=\"120\" height=\"120\" srcset=\"https:\/\/dev.unio.ro\/wp-content\/uploads\/2022\/04\/anchor-150x150.jpg 150w, https:\/\/dev.unio.ro\/wp-content\/uploads\/2022\/04\/anchor-11x12.jpg 11w\" sizes=\"(max-width: 120px) 100vw, 120px\" \/><\/figure><\/div>\n<\/div>\n<\/div>\n\n\n\n<div class=\"wp-block-columns is-layout-flex wp-container-core-columns-is-layout-9d6595d7 wp-block-columns-is-layout-flex\">\n<div class=\"wp-block-column is-layout-flow wp-block-column-is-layout-flow\">\n<p>Cu 110 ani de experien\u021b\u0103 \u0219i o baz\u0103 tehnologic\u0103 solid\u0103, Unio SA este unul dintre produc\u0103torii importan\u021bi de echipamente navale din Europa, care a c\u00e2\u0219tigat \u00eencrederea unor <a href=\"https:\/\/dev.unio.ro\/ro\/about-us-large-technological-equipment-factory\/our-clients\/\">clien\u021bi mari<\/a>.<\/p>\n\n\n\n<p class=\"translation-block\">Punctele noastre tari sunt:<\/p>\n\n\n\n<ul class=\"wp-block-list\" id=\"block-329923a7-951d-4be1-bf92-7f7fb0b9e80c\"><li>experien\u021ba \u0219i profesionalismul angaja\u021bilor<\/li><li>rentabilitatea<\/li><li><a href=\"https:\/\/dev.unio.ro\/ro\/services\/\">echipamentele<\/a><\/li><li>atelier <a href=\"https:\/\/dev.unio.ro\/ro\/quality\/certifications\/\">certificat DNV<\/a> (ISO 3834)<\/li><li>ISO 9001:2015<\/li><li>pozi\u021bia geografic\u0103 - la 10 minute de mers cu ma\u0219ina de grani\u021ba Rom\u00e2nia-Ungaria<\/li><\/ul>\n<\/div>\n<\/div>\n\n\n\n<p><\/p>\n\n\n\n<p><\/p>\n\n\n\n<div class=\"wp-block-columns is-layout-flex wp-container-core-columns-is-layout-9d6595d7 wp-block-columns-is-layout-flex\">\n<div class=\"wp-block-column is-layout-flow wp-block-column-is-layout-flow\">\n<h2 class=\"wp-block-heading\" id=\"block-eb9090af-ead8-4f20-bd9b-444e2a9ffc6a\">Servicii:<\/h2>\n<\/div>\n\n\n\n<div class=\"wp-block-column is-layout-flow wp-block-column-is-layout-flow\">\n<div class=\"wp-block-buttons is-layout-flex wp-block-buttons-is-layout-flex\">\n<div class=\"wp-block-button has-custom-width wp-block-button__width-100\"><a class=\"wp-block-button__link has-text-color has-background\" href=\"https:\/\/dev.unio.ro\/ro\/services\/cutting\/\" style=\"border-radius:2px;background-color:#fad20a;color:#343433\" rel=\"https:\/\/dev.unio.ro\/services\/cutting\/\">Debitare<\/a><\/div>\n<\/div>\n<\/div>\n\n\n\n<div class=\"wp-block-column is-layout-flow wp-block-column-is-layout-flow\">\n<div class=\"wp-block-buttons is-layout-flex wp-block-buttons-is-layout-flex\">\n<div class=\"wp-block-button has-custom-width wp-block-button__width-100\"><a class=\"wp-block-button__link has-text-color has-background\" href=\"https:\/\/dev.unio.ro\/ro\/services\/forming\/\" style=\"border-radius:2px;background-color:#fad20a;color:#343433\" rel=\"https:\/\/dev.unio.ro\/?page_id=93\">Deform\u0103ri plastice<\/a><\/div>\n<\/div>\n<\/div>\n<\/div>\n\n\n\n<div class=\"wp-block-columns is-layout-flex wp-container-core-columns-is-layout-9d6595d7 wp-block-columns-is-layout-flex\">\n<div class=\"wp-block-column is-layout-flow wp-block-column-is-layout-flow\">\n<div class=\"wp-block-buttons is-layout-flex wp-block-buttons-is-layout-flex\">\n<div class=\"wp-block-button has-custom-width wp-block-button__width-100 is-style-fill\"><a class=\"wp-block-button__link has-text-color has-background\" href=\"https:\/\/dev.unio.ro\/ro\/services\/mechanical-machining\/\" style=\"border-radius:2px;background-color:#fad20a;color:#343433\" rel=\"https:\/\/dev.unio.ro\/services\/mechanical-machining\/\">Prelucr\u0103ri mecanice<\/a><\/div>\n<\/div>\n<\/div>\n\n\n\n<div class=\"wp-block-column is-layout-flow wp-block-column-is-layout-flow\">\n<div class=\"wp-block-buttons is-layout-flex wp-block-buttons-is-layout-flex\">\n<div class=\"wp-block-button has-custom-width wp-block-button__width-100\"><a class=\"wp-block-button__link has-text-color has-background\" href=\"https:\/\/dev.unio.ro\/ro\/services\/welding\/\" style=\"border-radius:2px;background-color:#fad20a;color:#343433\" rel=\"https:\/\/dev.unio.ro\/services\/welding\/\">Sudur\u0103<\/a><\/div>\n<\/div>\n<\/div>\n\n\n\n<div class=\"wp-block-column is-layout-flow wp-block-column-is-layout-flow\">\n<div class=\"wp-block-buttons is-layout-flex wp-block-buttons-is-layout-flex\">\n<div class=\"wp-block-button has-custom-width wp-block-button__width-100\"><a class=\"wp-block-button__link has-text-color has-background\" href=\"https:\/\/dev.unio.ro\/ro\/services\/heat-treatment\/\" style=\"border-radius:2px;background-color:#fad20a;color:#343433\" rel=\"https:\/\/dev.unio.ro\/services\/heat-treatment\/\">Tratament termic<\/a><\/div>\n<\/div>\n<\/div>\n<\/div>\n\n\n\n<div class=\"wp-block-columns is-layout-flex wp-container-core-columns-is-layout-9d6595d7 wp-block-columns-is-layout-flex\">\n<div class=\"wp-block-column is-layout-flow wp-block-column-is-layout-flow\">\n<div class=\"wp-block-buttons is-layout-flex wp-block-buttons-is-layout-flex\">\n<div class=\"wp-block-button has-custom-width wp-block-button__width-100\"><a class=\"wp-block-button__link has-text-color has-background\" href=\"https:\/\/dev.unio.ro\/ro\/services\/surface-protection\/\" style=\"border-radius:2px;background-color:#fad20a;color:#343433\" rel=\"https:\/\/dev.unio.ro\/services\/surface-protection\/\">Protec\u021bia suprafe\u021belor<\/a><\/div>\n<\/div>\n<\/div>\n\n\n\n<div class=\"wp-block-column is-layout-flow wp-block-column-is-layout-flow\">\n<div class=\"wp-block-buttons is-layout-flex wp-block-buttons-is-layout-flex\">\n<div class=\"wp-block-button has-custom-width wp-block-button__width-100\"><a class=\"wp-block-button__link has-text-color has-background\" href=\"https:\/\/dev.unio.ro\/ro\/services\/assembly\/\" style=\"border-radius:2px;background-color:#fad20a;color:#343433\" rel=\"https:\/\/dev.unio.ro\/services\/assembly\/\">Asamblare<\/a><\/div>\n<\/div>\n<\/div>\n\n\n\n<div class=\"wp-block-column is-layout-flow wp-block-column-is-layout-flow\">\n<div class=\"wp-block-buttons is-layout-flex wp-block-buttons-is-layout-flex\">\n<div class=\"wp-block-button has-custom-width wp-block-button__width-100\"><a class=\"wp-block-button__link has-text-color has-background\" href=\"https:\/\/dev.unio.ro\/ro\/quality\/testing-possibilities\/\" style=\"border-radius:2px;background-color:#fad20a;color:#343433\" rel=\"https:\/\/dev.unio.ro\/quality\/testing-possibilities\/\">Testare<\/a><\/div>\n<\/div>\n<\/div>\n<\/div>\n\n\n<div id=\"wpgmza_map\" class=\"wpgmza_map\" data-settings='{\"id\":\"1\",\"map_title\":\"Unio SA google map\",\"map_width\":\"100\",\"map_height\":\"400\",\"map_start_lat\":\"47.75603867527917\",\"map_start_lng\":\"23.040229300569703\",\"map_start_location\":\"45.950464398418106,-109.81550500000003\",\"map_start_zoom\":\"4\",\"default_marker\":\"\",\"type\":\"0\",\"alignment\":\"4\",\"directions_enabled\":\"0\",\"styling_enabled\":\"0\",\"styling_json\":\"\",\"active\":\"0\",\"kml\":\"\",\"bicycle\":\"0\",\"traffic\":\"0\",\"dbox\":\"0\",\"dbox_width\":\"\",\"listmarkers\":\"0\",\"listmarkers_advanced\":\"0\",\"filterbycat\":\"0\",\"ugm_enabled\":\"0\",\"ugm_category_enabled\":\"0\",\"fusion\":\"\",\"map_width_type\":\"%\",\"map_height_type\":\"px\",\"mass_marker_support\":\"0\",\"ugm_access\":\"0\",\"order_markers_by\":\"0\",\"order_markers_choice\":\"0\",\"show_user_location\":\"0\",\"default_to\":\"\",\"other_settings\":{\"map_type\":1,\"sl_stroke_color\":\"\",\"sl_fill_color\":\"\",\"sl_stroke_opacity\":\"\",\"sl_fill_opacity\":\"\",\"transport_layer\":false,\"action\":\"wpgmza_save_map\",\"redirect_to\":\"\\\/wordpress\\\/wp-admin\\\/admin-post.php\",\"map_id\":\"1\",\"http_referer\":\"\\\/wordpress\\\/wp-admin\\\/admin.php?page=wp-google-maps-menu&amp;amp;override=1&amp;amp;action=edit&amp;amp;map_id=1\",\"wpgmza_id\":\"1\",\"wpgmza_start_location\":\"47.75603867527917,23.040229300569703\",\"wpgmza_start_zoom\":\"4\",\"store_locator_enabled\":false,\"store_locator_search_area\":\"radial\",\"wpgmza_store_locator_radius_style\":\"legacy\",\"wpgmza_store_locator_default_radius\":\"10\",\"store_locator_auto_area_max_zoom\":\"\",\"store_locator_distance\":false,\"wpgmza_store_locator_position\":false,\"store_locator_show_distance\":false,\"store_locator_category\":false,\"wpgmza_store_locator_use_their_location\":false,\"wpgmza_store_locator_bounce\":false,\"wpgmza_sl_animation\":null,\"wpgmza_store_locator_hide_before_search\":false,\"store_locator_query_string\":\"\",\"store_locator_default_address\":\"\",\"store_locator_name_search\":false,\"store_locator_name_string\":\"\",\"store_locator_not_found_message\":\"\",\"wpgmza_map_align\":\"1\",\"jump_to_nearest_marker_on_initialization\":false,\"automatically_pan_to_users_location\":false,\"override_users_location_zoom_level\":false,\"override_users_location_zoom_levels\":\"\",\"show_distance_from_location\":false,\"map_max_zoom\":\"21\",\"map_min_zoom\":\"0\",\"click_open_link\":false,\"fit_maps_bounds_to_markers\":false,\"fit_maps_bounds_to_markers_after_filtering\":false,\"hide_point_of_interest\":false,\"wpgmza_zoom_on_marker_click\":false,\"wpgmza_zoom_on_marker_click_slider\":\"\",\"close_infowindow_on_map_click\":false,\"disable_lightbox_images\":false,\"use_Raw_Jpeg_Coordinates\":false,\"disable_polygon_info_windows\":false,\"enable_marker_ratings\":false,\"only_load_markers_within_viewport\":false,\"iw_primary_color\":\"#000000\",\"iw_accent_color\":\"#000000\",\"iw_text_color\":\"#000000\",\"wpgmza_listmarkers_by\":\"0\",\"wpgmza_marker_listing_position\":false,\"zoom_level_on_marker_listing_override\":false,\"zoom_level_on_marker_listing_click\":\"\",\"datatable_no_result_message\":\"\",\"remove_search_box_datables\":false,\"dataTable_pagination_style\":null,\"datatable_search_string\":\"\",\"datatable_result_start\":\"\",\"datatable_result_of\":\"\",\"datatable_result_to\":\"\",\"datatable_result_total\":\"\",\"datatable_result_show\":\"\",\"datatable_result_entries\":\"\",\"wpgmza_savemap\":\"Save Map \\u00bb\"}}' data-map-id='1' data-maps-engine='open-layers' data-shortcode-attributes='{\"id\":\"1\",\"trpcontentrestriction\":\"exclude,,1\"}' style=\"display:block; overflow:auto; width:100%; height:400px; float:left;\"><\/div>","protected":false},"excerpt":{"rendered":"<p>110years of experience 60,000 sqmproduction facilities 220employees +40.000customer specific items 85%production for exterior clients DNV approved workshop One stop solution for large equipment International customers With 110 years of experience and solid technological capacity, Unio SA is one of the important marine equipment manufacturers in Europe, trusted by important companies. Our strong points are: experience &hellip;<\/p>\n<p class=\"read-more\"> <a class=\"\" href=\"https:\/\/dev.unio.ro\/ro\/\">  Read More &raquo;<\/a><\/p>","protected":false},"author":1,"featured_media":0,"parent":0,"menu_order":0,"comment_status":"closed","ping_status":"closed","template":"","meta":{"site-sidebar-layout":"default","site-content-layout":"default","ast-main-header-display":"","ast-hfb-above-header-display":"","ast-hfb-below-header-display":"","ast-hfb-mobile-header-display":"","site-post-title":"","ast-breadcrumbs-content":"","ast-featured-img":"","footer-sml-layout":"","theme-transparent-header-meta":"","adv-header-id-meta":"","stick-header-meta":"","header-above-stick-meta":"","header-main-stick-meta":"","header-below-stick-meta":"","footnotes":""},"class_list":["post-6","page","type-page","status-publish","hentry"],"_links":{"self":[{"href":"https:\/\/dev.unio.ro\/ro\/wp-json\/wp\/v2\/pages\/6","targetHints":{"allow":["GET"]}}],"collection":[{"href":"https:\/\/dev.unio.ro\/ro\/wp-json\/wp\/v2\/pages"}],"about":[{"href":"https:\/\/dev.unio.ro\/ro\/wp-json\/wp\/v2\/types\/page"}],"author":[{"embeddable":true,"href":"https:\/\/dev.unio.ro\/ro\/wp-json\/wp\/v2\/users\/1"}],"replies":[{"embeddable":true,"href":"https:\/\/dev.unio.ro\/ro\/wp-json\/wp\/v2\/comments?post=6"}],"version-history":[{"count":60,"href":"https:\/\/dev.unio.ro\/ro\/wp-json\/wp\/v2\/pages\/6\/revisions"}],"predecessor-version":[{"id":747,"href":"https:\/\/dev.unio.ro\/ro\/wp-json\/wp\/v2\/pages\/6\/revisions\/747"}],"wp:attachment":[{"href":"https:\/\/dev.unio.ro\/ro\/wp-json\/wp\/v2\/media?parent=6"}],"curies":[{"name":"wp","href":"https:\/\/api.w.org\/{rel}","templated":true}]}}