{"id":67,"date":"2021-12-16T09:07:37","date_gmt":"2021-12-16T09:07:37","guid":{"rendered":"https:\/\/dev.unio.ro\/?page_id=67"},"modified":"2022-03-17T13:13:11","modified_gmt":"2022-03-17T13:13:11","slug":"the-company","status":"publish","type":"page","link":"https:\/\/dev.unio.ro\/ro\/about-us-large-technological-equipment-factory\/the-company\/","title":{"rendered":"Compania"},"content":{"rendered":"<h3 class=\"wp-block-heading\">Istoria companiei<\/h3>\n\n\n\n<p>Compania Unio SA, produc\u0103tor de echipamente mari, <strong>a fost \u00eenfiin\u021bat\u0103 \u00een 1911<\/strong> \u00een Satu Mare, Rom\u00e2nia, la 630 km de Bucure\u0219ti \u0219i la 13 km de grani\u021ba Rom\u00e2niei cu Ungaria.<\/p>\n\n\n\n<div class=\"wp-block-image\"><figure class=\"alignright size-medium\"><img decoding=\"async\" width=\"283\" height=\"300\" src=\"https:\/\/dev.unio.ro\/wp-content\/uploads\/2022\/03\/Unio-SA-manufactures-Pullman-carriages-283x300.jpg\" alt=\"large equipment manufacturer\" class=\"wp-image-603\" srcset=\"https:\/\/dev.unio.ro\/wp-content\/uploads\/2022\/03\/Unio-SA-manufactures-Pullman-carriages-283x300.jpg 283w, https:\/\/dev.unio.ro\/wp-content\/uploads\/2022\/03\/Unio-SA-manufactures-Pullman-carriages.jpg 600w\" sizes=\"(max-width: 283px) 100vw, 283px\" \/><\/figure><\/div>\n\n\n\n<p>\u00cen primii ani de activitate, Unio producea \u0219i vindea produse de t\u00e2mpl\u0103rie \u0219i forestiere.<\/p>\n\n\n\n<p>\u00cen 1921 compania \u00ee\u0219i extinde capacitatea de produc\u021bie cu un atelier mic de reparat vagoane. Conform comenzilor primite de la CFR (C\u0103ile Ferate Rom\u00e2ne), \u00een acel moment fabrica Unio era<strong> al treilea furnizor ca m\u0103rime al companiei rom\u00e2ne de c\u0103i ferate<\/strong>. \u00cen 1927, Unio \u00eencepe s\u0103 produc\u0103 tipuri noi de vagoane de marf\u0103 \u0219i pasageri, precum vagoanele cu 4 axe (pentru prima dat\u0103 \u00een \u021bar\u0103) \u0219i vagoane \u201dPullman\u201d, din care \u00een acel an s-au livrat 20 de unit\u0103\u021bi.<\/p>\n\n\n\n<p>Din 1951 Unio devine un furnizor de top de echipament minier (vagoane miniere, transportoare cu band\u0103, transportoare cu raclete, locomotive, \u00eenc\u0103rc\u0103toare de minereu, transportoare cu band\u0103 de mare capacitate, palane \u0219i mori cu bile). <\/p>\n\n\n\n<h3 class=\"wp-block-heading\">Unio SA - Produc\u0103tor de echipamente de mare tonaj<\/h3>\n\n\n\n<div class=\"wp-block-image\"><figure class=\"alignright size-medium\"><img decoding=\"async\" width=\"300\" height=\"243\" src=\"https:\/\/dev.unio.ro\/wp-content\/uploads\/2022\/03\/Unio-SA-is-located-in-SE-Europe-300x243.jpg\" alt=\"\" class=\"wp-image-582\" srcset=\"https:\/\/dev.unio.ro\/wp-content\/uploads\/2022\/03\/Unio-SA-is-located-in-SE-Europe-300x243.jpg 300w, https:\/\/dev.unio.ro\/wp-content\/uploads\/2022\/03\/Unio-SA-is-located-in-SE-Europe-768x623.jpg 768w, https:\/\/dev.unio.ro\/wp-content\/uploads\/2022\/03\/Unio-SA-is-located-in-SE-Europe.jpg 801w\" sizes=\"(max-width: 300px) 100vw, 300px\" \/><\/figure><\/div>\n\n\n\n<p>\u00cen paralel, Unio a avut colabor\u0103ri spectaculoase cu companii de renume mondial care au desf\u0103\u0219urat proiecte \u00een Rom\u00e2nia - Renault (fabrica de automobile Dacia), Citroen (fabrica de automobile Oltcit), Ansaldo - centrala nuclear\u0103 de la Cernavod\u0103, Takraf - excavatoare pentru minerit, Nisho Iwai - Steel T\u00e2rgovi\u0219te. <\/p>\n\n\n\n<p>Dup\u0103 1990, Unio s-a \u00eendreptat cu for\u021be depline spre pia\u021ba str\u0103in\u0103, \u00een special cea european\u0103. Dup\u0103 o perioad\u0103 de adaptare, am reu\u0219it s\u0103 dezvolt\u0103m rela\u021bii de colaborare pe termen lung cu<strong> parteneri de renume mondial<\/strong>: Siemens, Komatsu, Thyssen Krupp, Deutsche Babcock, Komatsu, Flender AG, Michael Weinig AG, Homag AG, General Electric, Ingersoll Rand, Kuka, Technip Coflexip.<\/p>\n\n\n\n<p>\u00cencep\u00e2nd cu anul 2000, dup\u0103 privatizarea \u00eentreprinderii, a fost demarat un proces de adaptare la cerin\u021bele economiei de pia\u021b\u0103. <strong>A avut loc o retehnologizare <\/strong>prin implementarea de noi tehnologii \u00een procesele de debitare, prelucr\u0103ri mecanice, sudur\u0103, tratamente termice, protec\u021bia suprafe\u021belor \u0219i testare. Astfel, s-au creat linii de produc\u021bie specializate pentru pia\u021ba Europei de Vest.<\/p>\n\n\n\n<h3 class=\"wp-block-heading\">Unio SA, produc\u0103torul de echipament de mare tonaj, ast\u0103zi<\/h3>\n\n\n\n<p>Suntem unul dintre produc\u0103torii importan\u021bi de echipament de mare tonaj din Europa \u0219i, \u00een cei peste 110 ani de existen\u021b\u0103, am realizat peste 40.000 de repere la comand\u0103. \u00cen ultimele 3 decenii ne-am <strong>specializat \u00een produc\u021bia de echipament naval<\/strong>, dar putem realiza orice proiect pe baza fi\u0219elor tehnice furnizate de client.<\/p>\n\n\n\n<p>Un avantaj important recunoscut de c\u0103tre beneficiari este existen\u021ba pe o singur\u0103 platform\u0103 a sec\u021biilor de preg\u0103tire (debitare, forj\u0103, turn\u0103torie, prelucr\u0103ri mecanice) \u0219i a celor de produc\u021bie (sudur\u0103, asamblare, protec\u021bia suprafe\u021belor, testare). Montajul, punerea \u00een func\u021biune \u0219i service-ul sunt asigurate de personal specializat \u00een instala\u021bii mecanice, hidraulice, pneumatice \u0219i electrice.<\/p>\n\n\n\n<div class=\"wp-block-image\"><figure class=\"alignright size-medium\"><img decoding=\"async\" width=\"300\" height=\"300\" src=\"https:\/\/dev.unio.ro\/wp-content\/uploads\/2022\/03\/Uzina-Unio-300x300.jpg\" alt=\"marine industry Unio SA\" class=\"wp-image-604\" srcset=\"https:\/\/dev.unio.ro\/wp-content\/uploads\/2022\/03\/Uzina-Unio-300x300.jpg 300w, https:\/\/dev.unio.ro\/wp-content\/uploads\/2022\/03\/Uzina-Unio-150x150.jpg 150w, https:\/\/dev.unio.ro\/wp-content\/uploads\/2022\/03\/Uzina-Unio.jpg 533w\" sizes=\"(max-width: 300px) 100vw, 300px\" \/><\/figure><\/div>\n\n\n\n<p>Suprafa\u021ba total\u0103 (ateliere \u0219i birouri) este de 60.000 mp \u0219i cuprinde:<\/p>\n\n\n\n<ul class=\"wp-block-list\"><li>O\u021bel\u0103ria<\/li><li>Hala de tratament termic<\/li><li>Atelierul de sudur\u0103<\/li><li>Atelierul de montaj<\/li><li>Hala de tratare a suprafe\u021belor<\/li><li>Laboratorul (testare nedistructiva, distructiva \u0219i de duritate)<\/li><li>Mai multe hale de depozitare<\/li><li>Platforma cu macarale exterioare cu o capacitate de 50 tone fiecare.<\/li><\/ul>\n\n\n\n<p>Cu peste 220 de angaja\u021bi, Unio execut\u0103 proiecte complexe de mari dimensiuni, care necesit\u0103:<\/p>\n\n\n\n<ul class=\"wp-block-list\"><li>debitare<\/li><li>deform\u0103ri plastice<\/li><li>sudur\u0103<\/li><li>tratament termic<\/li><li>protec\u021bia suprafe\u021belor<\/li><li>proces\u0103ri mecanice<\/li><li>testarea calit\u0103\u021bii<\/li><\/ul>\n\n\n\n<h3 class=\"wp-block-heading\">Conformitatea cu standardele industriei marine<\/h3>\n\n\n\n<p>Produc\u021bia din cadrul Unio SA respect\u0103 standardele industriei marine <a href=\"https:\/\/www.dnv.com\/\" target=\"_blank\" rel=\"noreferrer noopener\">DNV<\/a> \u0219i este \u00een conformitate cu <a href=\"https:\/\/dev.unio.ro\/ro\/quality\/certifications\/\" target=\"_blank\" rel=\"noreferrer noopener\">standardele ISO<\/a> 9001 de management al calit\u0103\u021bii.<\/p>\n\n\n\n<div class=\"wp-block-columns is-layout-flex wp-container-core-columns-is-layout-9d6595d7 wp-block-columns-is-layout-flex\">\n<div class=\"wp-block-column is-layout-flow wp-block-column-is-layout-flow\">\n<figure class=\"wp-block-image size-medium\"><a href=\"https:\/\/dev.unio.ro\/wp-content\/uploads\/2022\/03\/Unio-SA-DnV-GL-certification-111-135.jpg\"><img decoding=\"async\" width=\"189\" height=\"300\" src=\"https:\/\/dev.unio.ro\/wp-content\/uploads\/2022\/03\/Unio-SA-DnV-GL-certification-111-135-189x300.jpg\" alt=\"\" class=\"wp-image-605\" srcset=\"https:\/\/dev.unio.ro\/wp-content\/uploads\/2022\/03\/Unio-SA-DnV-GL-certification-111-135-189x300.jpg 189w, https:\/\/dev.unio.ro\/wp-content\/uploads\/2022\/03\/Unio-SA-DnV-GL-certification-111-135-646x1024.jpg 646w, https:\/\/dev.unio.ro\/wp-content\/uploads\/2022\/03\/Unio-SA-DnV-GL-certification-111-135-768x1217.jpg 768w, https:\/\/dev.unio.ro\/wp-content\/uploads\/2022\/03\/Unio-SA-DnV-GL-certification-111-135.jpg 916w\" sizes=\"(max-width: 189px) 100vw, 189px\" \/><\/a><\/figure>\n<\/div>\n\n\n\n<div class=\"wp-block-column is-layout-flow wp-block-column-is-layout-flow\">\n<figure class=\"wp-block-image size-medium\"><a href=\"https:\/\/dev.unio.ro\/wp-content\/uploads\/2022\/03\/Unio-SA-DnV-GL-certification-hull-equipment.jpg\"><img decoding=\"async\" width=\"189\" height=\"300\" src=\"https:\/\/dev.unio.ro\/wp-content\/uploads\/2022\/03\/Unio-SA-DnV-GL-certification-hull-equipment-189x300.jpg\" alt=\"\" class=\"wp-image-606\" srcset=\"https:\/\/dev.unio.ro\/wp-content\/uploads\/2022\/03\/Unio-SA-DnV-GL-certification-hull-equipment-189x300.jpg 189w, https:\/\/dev.unio.ro\/wp-content\/uploads\/2022\/03\/Unio-SA-DnV-GL-certification-hull-equipment-644x1024.jpg 644w, https:\/\/dev.unio.ro\/wp-content\/uploads\/2022\/03\/Unio-SA-DnV-GL-certification-hull-equipment-768x1222.jpg 768w, https:\/\/dev.unio.ro\/wp-content\/uploads\/2022\/03\/Unio-SA-DnV-GL-certification-hull-equipment.jpg 897w\" sizes=\"(max-width: 189px) 100vw, 189px\" \/><\/a><\/figure>\n<\/div>\n\n\n\n<div class=\"wp-block-column is-layout-flow wp-block-column-is-layout-flow\">\n<figure class=\"wp-block-image size-medium\"><a href=\"https:\/\/dev.unio.ro\/wp-content\/uploads\/2022\/03\/9001-2015-ISO-certified-Unio-SA.jpg\"><img decoding=\"async\" width=\"205\" height=\"300\" src=\"https:\/\/dev.unio.ro\/wp-content\/uploads\/2022\/03\/9001-2015-ISO-certified-Unio-SA-205x300.jpg\" alt=\"\" class=\"wp-image-512\" srcset=\"https:\/\/dev.unio.ro\/wp-content\/uploads\/2022\/03\/9001-2015-ISO-certified-Unio-SA-205x300.jpg 205w, https:\/\/dev.unio.ro\/wp-content\/uploads\/2022\/03\/9001-2015-ISO-certified-Unio-SA.jpg 567w\" sizes=\"(max-width: 205px) 100vw, 205px\" \/><\/a><\/figure>\n<\/div>\n<\/div>\n\n\n\n<p>Peste 85% din produc\u021bie este destinat\u0103 pie\u021belor externe, \u00een special <a href=\"https:\/\/dev.unio.ro\/ro\/about-us-large-technological-equipment-factory\/our-clients\/\" target=\"_blank\" rel=\"noreferrer noopener\">clien\u021bilor <\/a>din Germania, Olanda, Fran\u021ba, Italia, Norvegia, Anglia \u0219i Austria.<\/p>","protected":false},"excerpt":{"rendered":"<p>Company History The large equipment manufacturer Unio SA was established in 1911 and located in Satu Mare, Romania, 630 km from Bucharest and 13 km from the Hungarian border of Romania. In its early years, Unio manufactured carpentry products and sold forestry products. In 1921 the company expanded its production facilities with a small wagon &hellip;<\/p>\n<p class=\"read-more\"> <a class=\"\" href=\"https:\/\/dev.unio.ro\/ro\/about-us-large-technological-equipment-factory\/the-company\/\"> <span class=\"screen-reader-text\">Compania<\/span> Read More &raquo;<\/a><\/p>","protected":false},"author":1,"featured_media":0,"parent":7,"menu_order":0,"comment_status":"closed","ping_status":"closed","template":"","meta":{"site-sidebar-layout":"default","site-content-layout":"default","ast-main-header-display":"","ast-hfb-above-header-display":"","ast-hfb-below-header-display":"","ast-hfb-mobile-header-display":"","site-post-title":"","ast-breadcrumbs-content":"","ast-featured-img":"","footer-sml-layout":"","theme-transparent-header-meta":"","adv-header-id-meta":"","stick-header-meta":"","header-above-stick-meta":"","header-main-stick-meta":"","header-below-stick-meta":"","footnotes":""},"class_list":["post-67","page","type-page","status-publish","hentry"],"_links":{"self":[{"href":"https:\/\/dev.unio.ro\/ro\/wp-json\/wp\/v2\/pages\/67","targetHints":{"allow":["GET"]}}],"collection":[{"href":"https:\/\/dev.unio.ro\/ro\/wp-json\/wp\/v2\/pages"}],"about":[{"href":"https:\/\/dev.unio.ro\/ro\/wp-json\/wp\/v2\/types\/page"}],"author":[{"embeddable":true,"href":"https:\/\/dev.unio.ro\/ro\/wp-json\/wp\/v2\/users\/1"}],"replies":[{"embeddable":true,"href":"https:\/\/dev.unio.ro\/ro\/wp-json\/wp\/v2\/comments?post=67"}],"version-history":[{"count":11,"href":"https:\/\/dev.unio.ro\/ro\/wp-json\/wp\/v2\/pages\/67\/revisions"}],"predecessor-version":[{"id":658,"href":"https:\/\/dev.unio.ro\/ro\/wp-json\/wp\/v2\/pages\/67\/revisions\/658"}],"up":[{"embeddable":true,"href":"https:\/\/dev.unio.ro\/ro\/wp-json\/wp\/v2\/pages\/7"}],"wp:attachment":[{"href":"https:\/\/dev.unio.ro\/ro\/wp-json\/wp\/v2\/media?parent=67"}],"curies":[{"name":"wp","href":"https:\/\/api.w.org\/{rel}","templated":true}]}}