{"id":682,"date":"2022-03-18T08:24:00","date_gmt":"2022-03-18T08:24:00","guid":{"rendered":"https:\/\/dev.unio.ro\/?page_id=682"},"modified":"2022-04-20T11:59:02","modified_gmt":"2022-04-20T11:59:02","slug":"investors","status":"publish","type":"page","link":"https:\/\/dev.unio.ro\/ro\/investors\/","title":{"rendered":"Investitori"},"content":{"rendered":"<p>Key information for investors.<\/p>\n\n\n\n<p>Pentru mai multe detalii, v\u0103 rug\u0103m s\u0103 trimite\u021bi un email la <a href=\"mailto:secretariat@unio.ro\">secretariat@unio.ro<\/a><\/p>\n\n\n\n<h3 class=\"wp-block-heading\">2022<\/h3>\n\n\n\n<ul class=\"wp-block-list\"><li><a href=\"https:\/\/dev.unio.ro\/wp-content\/uploads\/2022\/04\/ConvocatorAGOA26052022.pdf\">Convocator AGOA din 26.05.2022<\/a><\/li><\/ul>\n\n\n\n<h3 class=\"wp-block-heading\">2021<\/h3>\n\n\n\n<ul class=\"wp-block-list\"><li><a href=\"https:\/\/dev.unio.ro\/wp-content\/uploads\/2022\/03\/ConvocatorAGOA25052020.pdf\" target=\"_blank\" rel=\"noreferrer noopener\">Convocator AGOA din 24.05.2021<\/a><\/li><li><a href=\"https:\/\/dev.unio.ro\/wp-content\/uploads\/2022\/03\/Bilant31122020.pdf\" target=\"_blank\" rel=\"noreferrer noopener\">Bilant la 31.12.2020<\/a><\/li><li><a href=\"https:\/\/dev.unio.ro\/wp-content\/uploads\/2022\/03\/Raportadministratorspecial2020.pdf\" target=\"_blank\" rel=\"noreferrer noopener\">Raportul Administratorului Special pe anul 2020<\/a><\/li><\/ul>\n\n\n\n<h3 class=\"wp-block-heading\">2020<\/h3>\n\n\n\n<div class=\"wp-block-image\"><figure class=\"alignright size-full is-resized\"><img decoding=\"async\" src=\"https:\/\/dev.unio.ro\/wp-content\/uploads\/2022\/04\/mikita-yo-yHg6p8vW_Is-unsplash.jpg\" alt=\"information for investors\" class=\"wp-image-755\" width=\"150\" height=\"200\" srcset=\"https:\/\/dev.unio.ro\/wp-content\/uploads\/2022\/04\/mikita-yo-yHg6p8vW_Is-unsplash.jpg 300w, https:\/\/dev.unio.ro\/wp-content\/uploads\/2022\/04\/mikita-yo-yHg6p8vW_Is-unsplash-225x300.jpg 225w, https:\/\/dev.unio.ro\/wp-content\/uploads\/2022\/04\/mikita-yo-yHg6p8vW_Is-unsplash-9x12.jpg 9w\" sizes=\"(max-width: 150px) 100vw, 150px\" \/><\/figure><\/div>\n\n\n\n<ul class=\"wp-block-list\"><li><a href=\"https:\/\/dev.unio.ro\/wp-content\/uploads\/2022\/03\/ConvocatorAGEA27082020.pdf\" target=\"_blank\" rel=\"noreferrer noopener\">Convocator AGEA din 27.08.2020<\/a><\/li><li><a href=\"https:\/\/dev.unio.ro\/wp-content\/uploads\/2022\/03\/ConvocatorAGOA25052020.pdf\" target=\"_blank\" rel=\"noreferrer noopener\">Convocator AGOA din 25.05.2020<\/a><\/li><li><a href=\"https:\/\/dev.unio.ro\/wp-content\/uploads\/2022\/03\/Bilant31122019.pdf\" target=\"_blank\" rel=\"noreferrer noopener\">Bilant 31.12.2019<\/a><\/li><li><a href=\"https:\/\/dev.unio.ro\/wp-content\/uploads\/2022\/03\/Raportdegestiuneca2019.pdf\" target=\"_blank\" rel=\"noreferrer noopener\">Raportul de gestiune al CA pe anul 2019<\/a><\/li><li><a href=\"https:\/\/dev.unio.ro\/wp-content\/uploads\/2022\/03\/Raportadministratorspecial2019.pdf\" target=\"_blank\" rel=\"noreferrer noopener\">Raportul Administratorului Special pe anul 2019<\/a><\/li><\/ul>\n\n\n\n<p>Unio SA &#8211; in insolvency, special administrator <a href=\"http:\/\/www.aaconsultants.ro\/\" target=\"_blank\" rel=\"noopener\">A&amp;A Consultants SPRL<\/a>.<\/p>","protected":false},"excerpt":{"rendered":"<p>Key information for investors. For more details, please email us at secretariat@unio.ro 2022 Convocator AGOA din 26.05.2022 2021 Convocator AGOA din 24.05.2021 Bilant la 31.12.2020 Raportul Administratorului Special pe anul 2020 2020 Convocator AGEA din 27.08.2020 Convocator AGOA din 25.05.2020 Bilant 31.12.2019 Raportul de gestiune al CA pe anul 2019 Raportul Administratorului Special pe anul &hellip;<\/p>\n<p class=\"read-more\"> <a class=\"\" href=\"https:\/\/dev.unio.ro\/ro\/investors\/\"> <span class=\"screen-reader-text\">Investitori<\/span> Read More &raquo;<\/a><\/p>","protected":false},"author":1,"featured_media":0,"parent":0,"menu_order":0,"comment_status":"closed","ping_status":"closed","template":"","meta":{"site-sidebar-layout":"default","site-content-layout":"default","ast-main-header-display":"","ast-hfb-above-header-display":"","ast-hfb-below-header-display":"","ast-hfb-mobile-header-display":"","site-post-title":"","ast-breadcrumbs-content":"","ast-featured-img":"","footer-sml-layout":"","theme-transparent-header-meta":"","adv-header-id-meta":"","stick-header-meta":"","header-above-stick-meta":"","header-main-stick-meta":"","header-below-stick-meta":"","footnotes":""},"class_list":["post-682","page","type-page","status-publish","hentry"],"_links":{"self":[{"href":"https:\/\/dev.unio.ro\/ro\/wp-json\/wp\/v2\/pages\/682","targetHints":{"allow":["GET"]}}],"collection":[{"href":"https:\/\/dev.unio.ro\/ro\/wp-json\/wp\/v2\/pages"}],"about":[{"href":"https:\/\/dev.unio.ro\/ro\/wp-json\/wp\/v2\/types\/page"}],"author":[{"embeddable":true,"href":"https:\/\/dev.unio.ro\/ro\/wp-json\/wp\/v2\/users\/1"}],"replies":[{"embeddable":true,"href":"https:\/\/dev.unio.ro\/ro\/wp-json\/wp\/v2\/comments?post=682"}],"version-history":[{"count":5,"href":"https:\/\/dev.unio.ro\/ro\/wp-json\/wp\/v2\/pages\/682\/revisions"}],"predecessor-version":[{"id":758,"href":"https:\/\/dev.unio.ro\/ro\/wp-json\/wp\/v2\/pages\/682\/revisions\/758"}],"wp:attachment":[{"href":"https:\/\/dev.unio.ro\/ro\/wp-json\/wp\/v2\/media?parent=682"}],"curies":[{"name":"wp","href":"https:\/\/api.w.org\/{rel}","templated":true}]}}