{"id":7,"date":"2021-12-07T14:44:18","date_gmt":"2021-12-07T14:44:18","guid":{"rendered":"https:\/\/dev.unio.ro?page_id=7"},"modified":"2022-03-17T13:10:40","modified_gmt":"2022-03-17T13:10:40","slug":"about-us-large-technological-equipment-factory","status":"publish","type":"page","link":"https:\/\/dev.unio.ro\/ro\/about-us-large-technological-equipment-factory\/","title":{"rendered":"Despre noi"},"content":{"rendered":"<p>S\u0103 ne prezent\u0103m pe scurt:<\/p>\n\n\n\n<h3 class=\"wp-block-heading\">Pu\u021bin\u0103 istorie a produc\u0103torului de echipamente de mari dimensiuni<\/h3>\n\n\n\n<div class=\"wp-block-image\"><figure class=\"alignright size-medium\"><img decoding=\"async\" width=\"300\" height=\"224\" src=\"https:\/\/dev.unio.ro\/wp-content\/uploads\/2022\/03\/unio4-300x224.jpg\" alt=\"Large technological equipment manufactured at Unio SA\" class=\"wp-image-654\" srcset=\"https:\/\/dev.unio.ro\/wp-content\/uploads\/2022\/03\/unio4-300x224.jpg 300w, https:\/\/dev.unio.ro\/wp-content\/uploads\/2022\/03\/unio4.jpg 630w\" sizes=\"(max-width: 300px) 100vw, 300px\" \/><\/figure><\/div>\n\n\n\n<ul class=\"wp-block-list\"><li class=\"translation-block\">compania \u0219i-a \u00eenceput activitatea \u00een anul 1911 \u0219i \u00een primii ani s-a ocupat de <a href=\"https:\/\/www.gazetanord-vest.ro\/2017\/02\/cele-mai-luxoase-vagoane-de-tren-din-lume-au-fost-construite-la-satu-mare\/\" target=\"_blank\" rel=\"noreferrer noopener\">produc\u021bia de vagoane sub licen\u021b\u0103 Pullman<\/a>.<\/li><li>\u00een perioada comunist\u0103, Unio SA a avut parte de o epoc\u0103 glorioas\u0103, angaj\u00e2nd peste 30.000 de persoane \u0219i contribuind activ la dezvoltarea ora\u0219ului Satu Mare prin construc\u021bia de blocuri de locuin\u021be \u0219i deschiderea unei \u0219coli de meserii.<\/li><li>produc\u021bia se axa pe ehipamente de mare tonaj \u0219i era adresat\u0103 pie\u021belor intern\u0103 \u0219i extern\u0103 din domeniile construc\u021biei auto, mineritului, metalurgiei, agriculturii \u0219i industriei marine.<\/li><\/ul>\n\n\n\n<h3 class=\"wp-block-heading\">Perioada modern\u0103<\/h3>\n\n\n\n<p class=\"translation-block\">Trezit\u0103 la realitatea economiei de pia\u021b\u0103, dup\u0103 revolu\u021bia din 1989, compania s-a concentrat pe ni\u0219a de pia\u021b\u0103 reprezentat\u0103 de sectorul naval \u0219i s-a specializat \u00een produc\u021bia de echipamente pentru punte (vinciuri, trolii, cabestane, opritoare de lan\u021b), macarale cu diverse utiliz\u0103ri \u0219i echipamente pentru dragare (capete de dragare, supor\u021bi etc.). \nDar putem realiza <strong>orice proiect, pe baza specifica\u021biilor tehnice primite de la client<\/strong>.<\/p>\n\n\n\n<p class=\"translation-block\">Pute\u021bi afla mai multe detalii despre <a href=\"https:\/\/dev.unio.ro\/ro\/quality\/certifications\/\" target=\"_blank\" data-type=\"page\" data-id=\"115\" rel=\"noreferrer noopener\">certific\u0103rile de calitate<\/a> \u0219i <a href=\"https:\/\/dev.unio.ro\/ro\/about-us-large-technological-equipment-factory\/our-clients\/\" data-type=\"page\" data-id=\"79\" target=\"_self\">clien\u021bi <\/a>\u00een paginile dedicate.<\/p>","protected":false},"excerpt":{"rendered":"<p>Let us introduce ourselves in a few words: A bit of history of the large technological equipment manufacturer the company began its activity in 1911 and in its early years undertook the manufacture of Pullman carriages. during the communist era, Unio SA had its glory moments, employing more than 30,000 people and helping develop the &hellip;<\/p>\n<p class=\"read-more\"> <a class=\"\" href=\"https:\/\/dev.unio.ro\/ro\/about-us-large-technological-equipment-factory\/\"> <span class=\"screen-reader-text\">Despre noi<\/span> Read More &raquo;<\/a><\/p>","protected":false},"author":1,"featured_media":0,"parent":0,"menu_order":0,"comment_status":"closed","ping_status":"closed","template":"","meta":{"site-sidebar-layout":"default","site-content-layout":"default","ast-main-header-display":"","ast-hfb-above-header-display":"","ast-hfb-below-header-display":"","ast-hfb-mobile-header-display":"","site-post-title":"","ast-breadcrumbs-content":"","ast-featured-img":"","footer-sml-layout":"","theme-transparent-header-meta":"","adv-header-id-meta":"","stick-header-meta":"","header-above-stick-meta":"","header-main-stick-meta":"","header-below-stick-meta":"","footnotes":""},"class_list":["post-7","page","type-page","status-publish","hentry"],"_links":{"self":[{"href":"https:\/\/dev.unio.ro\/ro\/wp-json\/wp\/v2\/pages\/7","targetHints":{"allow":["GET"]}}],"collection":[{"href":"https:\/\/dev.unio.ro\/ro\/wp-json\/wp\/v2\/pages"}],"about":[{"href":"https:\/\/dev.unio.ro\/ro\/wp-json\/wp\/v2\/types\/page"}],"author":[{"embeddable":true,"href":"https:\/\/dev.unio.ro\/ro\/wp-json\/wp\/v2\/users\/1"}],"replies":[{"embeddable":true,"href":"https:\/\/dev.unio.ro\/ro\/wp-json\/wp\/v2\/comments?post=7"}],"version-history":[{"count":5,"href":"https:\/\/dev.unio.ro\/ro\/wp-json\/wp\/v2\/pages\/7\/revisions"}],"predecessor-version":[{"id":655,"href":"https:\/\/dev.unio.ro\/ro\/wp-json\/wp\/v2\/pages\/7\/revisions\/655"}],"wp:attachment":[{"href":"https:\/\/dev.unio.ro\/ro\/wp-json\/wp\/v2\/media?parent=7"}],"curies":[{"name":"wp","href":"https:\/\/api.w.org\/{rel}","templated":true}]}}