{"id":89,"date":"2021-12-16T10:49:56","date_gmt":"2021-12-16T10:49:56","guid":{"rendered":"https:\/\/dev.unio.ro\/?page_id=89"},"modified":"2022-03-17T13:21:23","modified_gmt":"2022-03-17T13:21:23","slug":"cutting","status":"publish","type":"page","link":"https:\/\/dev.unio.ro\/ro\/services\/cutting\/","title":{"rendered":"Debitare"},"content":{"rendered":"<p>Capacitatea tehnologic\u0103 a companiei Unio SA \u00eei confer\u0103 unicitate printre produc\u0103torii de echipamente de mare tonaj, oferind clien\u021bilor s\u0103i posibilitatea realiz\u0103rii tuturor etapelor de produc\u021bie \u00eentr-o singur\u0103 loca\u021bie. Astfel, pentru faza de debitare \u0219i preg\u0103tire a materialelor, avem:<\/p>\n\n\n\n<ul class=\"wp-block-list\"><li>ma\u0219ini de debitare cu plasm\u0103<\/li><li>ma\u0219ini de debitare cu oxi-gaz<\/li><li>ma\u0219ini de t\u0103iat<\/li><li>ma\u0219ini de danturat - pentru <strong>piese cu diametrul de p\u00e2n\u0103 la 5.000 mm<\/strong><\/li><li>ma\u0219ini de rectificat angrenaje.<\/li><\/ul>\n\n\n\n<p>Avem \u00een dotare ma\u0219ini cu CNC care pot debita pl\u0103ci de o\u021bel carbon cu grosime de p\u00e2n\u0103 la 200 mm \u0219i dimensiuni maxime de 12.000 x 2.500 mm din mai multe tipuri de o\u021bel.<\/p>\n\n\n\n<div class=\"wp-block-columns is-layout-flex wp-container-core-columns-is-layout-9d6595d7 wp-block-columns-is-layout-flex\">\n<div class=\"wp-block-column is-layout-flow wp-block-column-is-layout-flow\">\n<figure class=\"wp-block-image size-full\"><img decoding=\"async\" width=\"411\" height=\"316\" src=\"https:\/\/dev.unio.ro\/wp-content\/uploads\/2022\/03\/oxi-gas-cutting-machine.jpg\" alt=\"oxi gas cutting machine\" class=\"wp-image-553\" srcset=\"https:\/\/dev.unio.ro\/wp-content\/uploads\/2022\/03\/oxi-gas-cutting-machine.jpg 411w, https:\/\/dev.unio.ro\/wp-content\/uploads\/2022\/03\/oxi-gas-cutting-machine-300x231.jpg 300w\" sizes=\"(max-width: 411px) 100vw, 411px\" \/><figcaption><strong>Ma\u0219ini de debitare oxi-gas cu CNC<\/strong><\/figcaption><\/figure>\n\n\n\n<p><strong>Pl\u0103ci de o\u021bel carbon<\/strong><br>Grosime (maxim\u0103): 200 mm<br>Lungime: 12.000 mm<br>L\u0103\u021bime: 2.500 mm<\/p>\n<\/div>\n\n\n\n<div class=\"wp-block-column is-layout-flow wp-block-column-is-layout-flow\">\n<figure class=\"wp-block-image size-full is-resized\"><img decoding=\"async\" src=\"https:\/\/dev.unio.ro\/wp-content\/uploads\/2022\/03\/computer-controlled-plasma-cutting-machines.jpg\" alt=\"\" class=\"wp-image-523\" width=\"465\" height=\"316\" srcset=\"https:\/\/dev.unio.ro\/wp-content\/uploads\/2022\/03\/computer-controlled-plasma-cutting-machines.jpg 892w, https:\/\/dev.unio.ro\/wp-content\/uploads\/2022\/03\/computer-controlled-plasma-cutting-machines-300x204.jpg 300w, https:\/\/dev.unio.ro\/wp-content\/uploads\/2022\/03\/computer-controlled-plasma-cutting-machines-768x522.jpg 768w\" sizes=\"(max-width: 465px) 100vw, 465px\" \/><figcaption><strong>Ma\u0219ini de debitare cu plasm\u0103 cu CNC<\/strong><\/figcaption><\/figure>\n\n\n\n<p><strong>O\u021bel inoxidabil<\/strong><br>Grosime (maxim\u0103): 20 mm<br>Lungime: 12.000 mm<br>L\u0103\u021bime: 2.500 mm<\/p>\n<\/div>\n\n\n\n<div class=\"wp-block-column is-layout-flow wp-block-column-is-layout-flow\">\n<figure class=\"wp-block-image size-full is-resized\"><img decoding=\"async\" src=\"https:\/\/dev.unio.ro\/wp-content\/uploads\/2022\/03\/sawing-machine.jpg\" alt=\"\" class=\"wp-image-572\" width=\"433\" height=\"316\" srcset=\"https:\/\/dev.unio.ro\/wp-content\/uploads\/2022\/03\/sawing-machine.jpg 513w, https:\/\/dev.unio.ro\/wp-content\/uploads\/2022\/03\/sawing-machine-300x219.jpg 300w\" sizes=\"(max-width: 433px) 100vw, 433px\" \/><figcaption><strong>Ma\u0219ini de t\u0103iat<\/strong><\/figcaption><\/figure>\n\n\n\n<p>Ma\u0219inile noastre de t\u0103iat pot debita <strong>bare, tuburi sau \u021bevi<\/strong> cu un diametru de maximum 400 mm \u0219i o lungime de 12.000 mm.<\/p>\n<\/div>\n<\/div>\n\n\n\n<div class=\"wp-block-columns is-layout-flex wp-container-core-columns-is-layout-9d6595d7 wp-block-columns-is-layout-flex\">\n<div class=\"wp-block-column is-layout-flow wp-block-column-is-layout-flow\"><\/div>\n<\/div>\n\n\n\n<p><\/p>\n\n\n\n<p>Echipamentele sunt programate printr-o sta\u021bie extern\u0103 CAD\/CAM.<\/p>\n\n\n\n<p class=\"has-text-align-left\">Pentru etape ulterioare de preg\u0103tire a materialelor sunt disponibile diverse ma\u0219ini de g\u0103urit cu coloan\u0103, strunguri \u0219i ma\u0219ini de alezat<a href=\"https:\/\/dev.unio.ro\/ro\/technical-capabilities\/mechanical-machining\/\" data-type=\"URL\" data-id=\"https:\/\/dev.unio.ro\/technical-capabilities\/mechanical-machining\/\"> .<\/a>.<\/p>\n\n\n\n<div class=\"wp-block-columns is-layout-flex wp-container-core-columns-is-layout-9d6595d7 wp-block-columns-is-layout-flex\">\n<div class=\"wp-block-column is-layout-flow wp-block-column-is-layout-flow\"><\/div>\n<\/div>\n\n\n\n<p><\/p>\n\n\n\n<p><\/p>\n\n\n\n<p><\/p>\n\n\n\n<p><\/p>\n\n\n\n<p><\/p>","protected":false},"excerpt":{"rendered":"<p>The technological capacity of Unio SA makes it unique among large technological equipment manufacturers, by making it able to offer to its customers all the necessary production stages under one roof. Thus, for the material cutting and preparation operational stage, we have: plasma cutting machines oxi-gas cutting machines sawing machines gear cutting machines &#8211; for &hellip;<\/p>\n<p class=\"read-more\"> <a class=\"\" href=\"https:\/\/dev.unio.ro\/ro\/services\/cutting\/\"> <span class=\"screen-reader-text\">Debitare<\/span> Read More &raquo;<\/a><\/p>","protected":false},"author":1,"featured_media":0,"parent":2,"menu_order":0,"comment_status":"closed","ping_status":"closed","template":"","meta":{"site-sidebar-layout":"default","site-content-layout":"default","ast-main-header-display":"","ast-hfb-above-header-display":"","ast-hfb-below-header-display":"","ast-hfb-mobile-header-display":"","site-post-title":"","ast-breadcrumbs-content":"","ast-featured-img":"","footer-sml-layout":"","theme-transparent-header-meta":"","adv-header-id-meta":"","stick-header-meta":"","header-above-stick-meta":"","header-main-stick-meta":"","header-below-stick-meta":"","footnotes":""},"class_list":["post-89","page","type-page","status-publish","hentry"],"_links":{"self":[{"href":"https:\/\/dev.unio.ro\/ro\/wp-json\/wp\/v2\/pages\/89","targetHints":{"allow":["GET"]}}],"collection":[{"href":"https:\/\/dev.unio.ro\/ro\/wp-json\/wp\/v2\/pages"}],"about":[{"href":"https:\/\/dev.unio.ro\/ro\/wp-json\/wp\/v2\/types\/page"}],"author":[{"embeddable":true,"href":"https:\/\/dev.unio.ro\/ro\/wp-json\/wp\/v2\/users\/1"}],"replies":[{"embeddable":true,"href":"https:\/\/dev.unio.ro\/ro\/wp-json\/wp\/v2\/comments?post=89"}],"version-history":[{"count":16,"href":"https:\/\/dev.unio.ro\/ro\/wp-json\/wp\/v2\/pages\/89\/revisions"}],"predecessor-version":[{"id":671,"href":"https:\/\/dev.unio.ro\/ro\/wp-json\/wp\/v2\/pages\/89\/revisions\/671"}],"up":[{"embeddable":true,"href":"https:\/\/dev.unio.ro\/ro\/wp-json\/wp\/v2\/pages\/2"}],"wp:attachment":[{"href":"https:\/\/dev.unio.ro\/ro\/wp-json\/wp\/v2\/media?parent=89"}],"curies":[{"name":"wp","href":"https:\/\/api.w.org\/{rel}","templated":true}]}}