{"id":93,"date":"2021-12-16T10:55:13","date_gmt":"2021-12-16T10:55:13","guid":{"rendered":"https:\/\/dev.unio.ro\/?page_id=93"},"modified":"2022-03-17T13:20:07","modified_gmt":"2022-03-17T13:20:07","slug":"forming","status":"publish","type":"page","link":"https:\/\/dev.unio.ro\/ro\/services\/forming\/","title":{"rendered":"Deform\u0103ri plastice"},"content":{"rendered":"<p>Avem un lot de ma\u0219ini de deformare<a href=\"https:\/\/dev.unio.ro\/ro\/services\/\"> propriu<\/a> care cuprinde:<\/p>\n\n\n\n<ul class=\"wp-block-list\"><li>Un calandru cu trei role care poate deforma pl\u0103ci de o\u021bel cu grosimea de p\u00e2n\u0103 la 22 mm \u0219i 3.000 mm \u00een diametru. Diametrul pl\u0103ci rulate poate fi de p\u00e2n\u0103 la 6.000 mm.<\/li><li>Ma\u0219ina Abkant poate \u00eendoi pl\u0103ci de o\u021bel cu grosimea de p\u00e2n\u0103 la 12 mm \u0219i l\u0103\u021bimea de p\u00e2n\u0103 la 4.000 mm.<\/li><li>Forja deschis\u0103 cu matri\u021b\u0103 poate procesa inele cu diametrul de p\u00e2n\u0103 1.200 mm \u0219i axuri cu diametru de p\u00e2n\u0103 la 450 mm \u0219i 4.000 mm lungime.<\/li><\/ul>\n\n\n\n<figure class=\"wp-block-gallery has-nested-images columns-default is-cropped wp-block-gallery-1 is-layout-flex wp-block-gallery-is-layout-flex\">\n<figure class=\"wp-block-image size-full\"><img decoding=\"async\" width=\"452\" height=\"338\" data-id=\"552\" src=\"https:\/\/dev.unio.ro\/wp-content\/uploads\/2022\/03\/open-die.jpg\" alt=\"Forge forming\" class=\"wp-image-552\" srcset=\"https:\/\/dev.unio.ro\/wp-content\/uploads\/2022\/03\/open-die.jpg 452w, https:\/\/dev.unio.ro\/wp-content\/uploads\/2022\/03\/open-die-300x224.jpg 300w\" sizes=\"(max-width: 452px) 100vw, 452px\" \/><\/figure>\n\n\n\n<figure class=\"wp-block-image size-full\"><img decoding=\"async\" width=\"466\" height=\"331\" data-id=\"517\" src=\"https:\/\/dev.unio.ro\/wp-content\/uploads\/2022\/03\/bending-machine.jpg\" alt=\"\" class=\"wp-image-517\" srcset=\"https:\/\/dev.unio.ro\/wp-content\/uploads\/2022\/03\/bending-machine.jpg 466w, https:\/\/dev.unio.ro\/wp-content\/uploads\/2022\/03\/bending-machine-300x213.jpg 300w\" sizes=\"(max-width: 466px) 100vw, 466px\" \/><\/figure>\n\n\n\n<figure class=\"wp-block-image size-full\"><img decoding=\"async\" width=\"800\" height=\"538\" data-id=\"578\" src=\"https:\/\/dev.unio.ro\/wp-content\/uploads\/2022\/03\/three-roll-calander-1.jpg\" alt=\"\" class=\"wp-image-578\" srcset=\"https:\/\/dev.unio.ro\/wp-content\/uploads\/2022\/03\/three-roll-calander-1.jpg 800w, https:\/\/dev.unio.ro\/wp-content\/uploads\/2022\/03\/three-roll-calander-1-300x202.jpg 300w, https:\/\/dev.unio.ro\/wp-content\/uploads\/2022\/03\/three-roll-calander-1-768x516.jpg 768w\" sizes=\"(max-width: 800px) 100vw, 800px\" \/><\/figure>\n<\/figure>","protected":false},"excerpt":{"rendered":"<p>We have an in-house forming machine park consisting of: Three roll calender that can bend steel plates up to 22 mm in thickness and 3,000 mm in width. The diameter of the rolled plate can go up to 6,000 mm. The Abkant machine can bend steel plates of up to 12 mm thickness at a &hellip;<\/p>\n<p class=\"read-more\"> <a class=\"\" href=\"https:\/\/dev.unio.ro\/ro\/services\/forming\/\"> <span class=\"screen-reader-text\">Deform\u0103ri plastice<\/span> Read More &raquo;<\/a><\/p>","protected":false},"author":1,"featured_media":0,"parent":2,"menu_order":0,"comment_status":"closed","ping_status":"closed","template":"","meta":{"site-sidebar-layout":"default","site-content-layout":"default","ast-main-header-display":"","ast-hfb-above-header-display":"","ast-hfb-below-header-display":"","ast-hfb-mobile-header-display":"","site-post-title":"","ast-breadcrumbs-content":"","ast-featured-img":"","footer-sml-layout":"","theme-transparent-header-meta":"","adv-header-id-meta":"","stick-header-meta":"","header-above-stick-meta":"","header-main-stick-meta":"","header-below-stick-meta":"","footnotes":""},"class_list":["post-93","page","type-page","status-publish","hentry"],"_links":{"self":[{"href":"https:\/\/dev.unio.ro\/ro\/wp-json\/wp\/v2\/pages\/93","targetHints":{"allow":["GET"]}}],"collection":[{"href":"https:\/\/dev.unio.ro\/ro\/wp-json\/wp\/v2\/pages"}],"about":[{"href":"https:\/\/dev.unio.ro\/ro\/wp-json\/wp\/v2\/types\/page"}],"author":[{"embeddable":true,"href":"https:\/\/dev.unio.ro\/ro\/wp-json\/wp\/v2\/users\/1"}],"replies":[{"embeddable":true,"href":"https:\/\/dev.unio.ro\/ro\/wp-json\/wp\/v2\/comments?post=93"}],"version-history":[{"count":6,"href":"https:\/\/dev.unio.ro\/ro\/wp-json\/wp\/v2\/pages\/93\/revisions"}],"predecessor-version":[{"id":668,"href":"https:\/\/dev.unio.ro\/ro\/wp-json\/wp\/v2\/pages\/93\/revisions\/668"}],"up":[{"embeddable":true,"href":"https:\/\/dev.unio.ro\/ro\/wp-json\/wp\/v2\/pages\/2"}],"wp:attachment":[{"href":"https:\/\/dev.unio.ro\/ro\/wp-json\/wp\/v2\/media?parent=93"}],"curies":[{"name":"wp","href":"https:\/\/api.w.org\/{rel}","templated":true}]}}