{"id":98,"date":"2021-12-16T11:26:25","date_gmt":"2021-12-16T11:26:25","guid":{"rendered":"https:\/\/dev.unio.ro\/?page_id=98"},"modified":"2022-03-17T13:23:08","modified_gmt":"2022-03-17T13:23:08","slug":"welding","status":"publish","type":"page","link":"https:\/\/dev.unio.ro\/ro\/services\/welding\/","title":{"rendered":"Sudur\u0103"},"content":{"rendered":"<p>Realiz\u0103m piese sudate conform specifica\u021biilor clientului, precum cadre pentru excavator, organe de pres\u0103, componente pentru macara, cu greut\u0103\u021bi cuprinse \u00eentre 500 \u0219i 120.000 kg, cu sudur\u0103 de cea mai \u00eenalt\u0103 calitate.<\/p>\n\n\n\n<div class=\"wp-block-image\"><figure class=\"alignright size-medium\"><img decoding=\"async\" width=\"300\" height=\"149\" src=\"https:\/\/dev.unio.ro\/wp-content\/uploads\/2022\/03\/welding-at-Unio-SA-300x149.jpg\" alt=\"welding at Unio SA\" class=\"wp-image-587\" srcset=\"https:\/\/dev.unio.ro\/wp-content\/uploads\/2022\/03\/welding-at-Unio-SA-300x149.jpg 300w, https:\/\/dev.unio.ro\/wp-content\/uploads\/2022\/03\/welding-at-Unio-SA-1024x508.jpg 1024w, https:\/\/dev.unio.ro\/wp-content\/uploads\/2022\/03\/welding-at-Unio-SA-768x381.jpg 768w, https:\/\/dev.unio.ro\/wp-content\/uploads\/2022\/03\/welding-at-Unio-SA-1536x762.jpg 1536w, https:\/\/dev.unio.ro\/wp-content\/uploads\/2022\/03\/welding-at-Unio-SA.jpg 1600w\" sizes=\"(max-width: 300px) 100vw, 300px\" \/><\/figure><\/div>\n\n\n\n<p>Munca echipei este atent supervizat\u0103 de c\u0103tre ingineri cu certificare interna\u021bional\u0103 (DVS-IIW). Componentele sunt realizate \u00een conformitate cu standardele DIN 18800-7 Clasa E.<\/p>\n\n\n\n<p>Pentru materiale cu grosimi de 10-160 mm, aliaje de o\u021bel carbon-mangan precum S235 J0 - S355 J2 + N, o\u021bel turnat, materiale rezistente la uzur\u0103 precum HB500 p\u00e2n\u0103 la\no\u021bel structural fin de calitate S960 QL sunt disponibile test\u0103ri procedurale conform standardului ISO 15614-1.<\/p>\n\n\n\n<h3 class=\"wp-block-heading\">Personalul compartimentului Sudur\u0103<\/h3>\n\n\n\n<p>Echipa noastr\u0103 de 50 de sudori profesioni\u0219ti condus\u0103 de 3 ingineri certifica\u021bi interna\u021bional pot asigura cea mai bun\u0103 execu\u021bie pentru proiectul dvs.<\/p>\n\n\n\n<p>Procese disponibile: 111, 135 (<a href=\"https:\/\/dev.unio.ro\/ro\/quality\/certifications\/\">certificate de <\/a><a href=\"https:\/\/www.dnv.com\/\" target=\"_blank\" rel=\"noopener\">DNV<\/a>), 136-MIG, MAG<br>Certific\u0103ri \u0219i autoriza\u021bii:<br>\u2022 AD 2000- Merkblatt HP0, TRD 201 \u0219i ISO 3834-2 (TUV)<br>\u2022 Germanischer Lloyd Rules (GL)<br>\u2022 DIN 18800- 7:2002-09 Clasa E (SLV)<br>\u2022 50 sudori autoriza\u021bi TUV, GL \u0219i SLV<br>\u2022 3 ingineri sudor interna\u021bional<\/p>","protected":false},"excerpt":{"rendered":"<p>According to customer specifications, we manufacture welded parts such as excavator frames, press bodies, crane components with unit weights between 500 kg &#8211; 120,000 kg in the highest welding quality. The team&#8217;s work is subject to constant supervision by international engineers (DVS-IIW). The components are manufactured in compliance with the guidelines of DIN 18800-7 &#8220;Class &hellip;<\/p>\n<p class=\"read-more\"> <a class=\"\" href=\"https:\/\/dev.unio.ro\/ro\/services\/welding\/\"> <span class=\"screen-reader-text\">Sudur\u0103<\/span> Read More &raquo;<\/a><\/p>","protected":false},"author":1,"featured_media":0,"parent":2,"menu_order":0,"comment_status":"closed","ping_status":"closed","template":"","meta":{"site-sidebar-layout":"default","site-content-layout":"default","ast-main-header-display":"","ast-hfb-above-header-display":"","ast-hfb-below-header-display":"","ast-hfb-mobile-header-display":"","site-post-title":"","ast-breadcrumbs-content":"","ast-featured-img":"","footer-sml-layout":"","theme-transparent-header-meta":"","adv-header-id-meta":"","stick-header-meta":"","header-above-stick-meta":"","header-main-stick-meta":"","header-below-stick-meta":"","footnotes":""},"class_list":["post-98","page","type-page","status-publish","hentry"],"_links":{"self":[{"href":"https:\/\/dev.unio.ro\/ro\/wp-json\/wp\/v2\/pages\/98","targetHints":{"allow":["GET"]}}],"collection":[{"href":"https:\/\/dev.unio.ro\/ro\/wp-json\/wp\/v2\/pages"}],"about":[{"href":"https:\/\/dev.unio.ro\/ro\/wp-json\/wp\/v2\/types\/page"}],"author":[{"embeddable":true,"href":"https:\/\/dev.unio.ro\/ro\/wp-json\/wp\/v2\/users\/1"}],"replies":[{"embeddable":true,"href":"https:\/\/dev.unio.ro\/ro\/wp-json\/wp\/v2\/comments?post=98"}],"version-history":[{"count":5,"href":"https:\/\/dev.unio.ro\/ro\/wp-json\/wp\/v2\/pages\/98\/revisions"}],"predecessor-version":[{"id":674,"href":"https:\/\/dev.unio.ro\/ro\/wp-json\/wp\/v2\/pages\/98\/revisions\/674"}],"up":[{"embeddable":true,"href":"https:\/\/dev.unio.ro\/ro\/wp-json\/wp\/v2\/pages\/2"}],"wp:attachment":[{"href":"https:\/\/dev.unio.ro\/ro\/wp-json\/wp\/v2\/media?parent=98"}],"curies":[{"name":"wp","href":"https:\/\/api.w.org\/{rel}","templated":true}]}}